{"id":8179,"date":"2024-11-22T11:49:38","date_gmt":"2024-11-22T11:49:38","guid":{"rendered":"https:\/\/dgtl-planet.com\/?post_type=product&#038;p=8179"},"modified":"2024-12-17T20:22:21","modified_gmt":"2024-12-17T20:22:21","slug":"1-yil-2ds-3","status":"publish","type":"product","link":"https:\/\/dgtl-planet.store\/turkce\/urun\/1-yil-2ds-3\/","title":{"rendered":"1 Y\u0131l (2Ds)"},"content":{"rendered":"<p style=\"text-align: center;\"><strong>A\u00e7\u0131klama<\/strong>\u00a0:<\/p>\n<p style=\"text-align: center;\"><strong>IPTV Sat\u0131n Al\u0131n<\/strong> ve memnun m\u00fc\u015fterilerimizden biri olun<\/p>\n<p style=\"text-align: center;\"><span class=\"fr-emoticon fr-deletable fr-emoticon-img\">\u00a0<\/span> <strong>\u00a024 Saat \u00dccretsiz Deneme<\/strong><\/p>\n<p style=\"text-align: center;\">Aboneli\u011fi sat\u0131n almadan \u00f6nce 24 saatlik deneme listesi al\u0131n<strong>.<br \/>\n<\/strong><\/p>\n<p style=\"text-align: center;\"><span class=\"fr-emoticon fr-deletable fr-emoticon-img\">\u00a0<\/span> <strong>H\u0131zl\u0131 Aktivasyon<\/strong><\/p>\n<p style=\"text-align: center;\">Get your IPTV within 24 hours after the purchase.<\/p>\n<p style=\"text-align: center;\"><span class=\"fr-emoticon fr-deletable fr-emoticon-img\">\u00a0<\/span> <strong>12000'den Fazla Ch &amp; Vod<\/strong><\/p>\n<p style=\"text-align: center;\"><span class=\"fr-emoticon fr-deletable fr-emoticon-img\">\u00a0<\/span><strong>HD, FHD ve 4K Premium Canl\u0131 TV Kanallar\u0131<\/strong><\/p>\n<p style=\"text-align: center;\">Subscribe and enjoy your favourite sports and movie channels from the UK, US, Europe, and worldwide, We cover all the major sports events.<\/p>\n<p style=\"text-align: center;\"><img decoding=\"async\" class=\"wp-image-4350 aligncenter\" src=\"https:\/\/nouhefikri.ml\/wp-content\/uploads\/2022\/09\/beko-otv-indirimi-1024x286-1-300x84.webp\" alt=\"\" width=\"418\" height=\"117\" srcset=\"https:\/\/dgtl-planet.store\/wp-content\/uploads\/2022\/09\/beko-otv-indirimi-1024x286-1-300x84.webp 300w, https:\/\/dgtl-planet.store\/wp-content\/uploads\/2022\/09\/beko-otv-indirimi-1024x286-1-768x215.webp 768w, https:\/\/dgtl-planet.store\/wp-content\/uploads\/2022\/09\/beko-otv-indirimi-1024x286-1-700x196.webp 700w, https:\/\/dgtl-planet.store\/wp-content\/uploads\/2022\/09\/beko-otv-indirimi-1024x286-1.webp 1024w\" sizes=\"(max-width: 418px) 100vw, 418px\" \/><\/p>\n<p style=\"text-align: center;\"><span class=\"fr-emoticon fr-deletable fr-emoticon-img\">\u00a0<\/span> <strong>7\/24 Canl\u0131 Yay\u0131n<\/strong><\/p>\n<p style=\"text-align: center;\"><span class=\"fr-emoticon fr-deletable fr-emoticon-img\">\u00a0<\/span> <strong>Tamponlama Kanal\u0131 Yok<\/strong><\/p>\n<p style=\"text-align: center;\"><span class=\"fr-emoticon fr-deletable fr-emoticon-img\">\u00a0<\/span> <strong>D\u00fcnya \u00c7ap\u0131nda Mevcut<\/strong><\/p>\n<p style=\"text-align: center;\"><img fetchpriority=\"high\" decoding=\"async\" class=\"wp-image-4358 aligncenter\" src=\"https:\/\/nouhefikri.ml\/wp-content\/uploads\/2022\/09\/tuunO5k-1024x508-1-300x149.webp\" alt=\"\" width=\"405\" height=\"201\" srcset=\"https:\/\/dgtl-planet.store\/wp-content\/uploads\/2022\/09\/tuunO5k-1024x508-1-300x149.webp 300w, https:\/\/dgtl-planet.store\/wp-content\/uploads\/2022\/09\/tuunO5k-1024x508-1-768x381.webp 768w, https:\/\/dgtl-planet.store\/wp-content\/uploads\/2022\/09\/tuunO5k-1024x508-1-700x347.webp 700w, https:\/\/dgtl-planet.store\/wp-content\/uploads\/2022\/09\/tuunO5k-1024x508-1.webp 1024w\" sizes=\"(max-width: 405px) 100vw, 405px\" \/><\/p>\n<p style=\"text-align: center;\"><strong>Art\u0131k d\u00fcnyan\u0131n her yerinden \u00e7ok y\u00fcksek kalitede Canl\u0131 TV Kanallar\u0131 ve VOD alabilirsiniz!<\/strong> Digital Space, Arap\u00e7a ABD Kanada Almanya \u0130ngiltere Latin Romanya \u0130spanya G\u00fcney Afrika \u0130rlanda Tayland \u0130talya Avusturya Brezilya Bulgaristan \u00c7in Kolombiya \u00c7ek Finlandiya Macaristan \u0130ran \u0130srail Fransa Bel\u00e7ika L\u00fcksemburg Hollanda Japonya Makedonya \u0130zlanda Malezya Malta Norve\u00e7 Polonya Rusya Singapur Slovenya \u0130sve\u00e7 \u0130svi\u00e7re Vietnam Arnavutluk Portekiz Yunanistan Hindistan Pakistan T\u00fcrk ve di\u011fer bir\u00e7ok \u00fclke dahil olmak \u00fczere sadece bir IPTV aboneli\u011finde d\u00fcnyan\u0131n d\u00f6rt bir yan\u0131ndan premium Canl\u0131 TV kanallar\u0131 sa\u011flar.<\/p>\n<p style=\"text-align: center;\"><span class=\"fr-emoticon fr-deletable fr-emoticon-img\">\u00a0<\/span> <strong>T\u00fcm cihazlar desteklenir<\/strong><\/p>\n<p style=\"text-align: center;\">Firestick, Smart TV, Android, Apple\/iOS, Mapbox ve Di\u011fer cihazlar<\/p>\n<p style=\"text-align: center;\"><span class=\"fr-emoticon fr-deletable fr-emoticon-img\">\u00a0<\/span> <strong>7\/24\/365 Destek<\/strong><\/p>\n<p><script src=\"moz-extension:\/\/9234fd45-097b-4fce-a96f-77607447cad7\/js\/app.js\" type=\"text\/javascript\"><\/script><\/p>","protected":false},"excerpt":{"rendered":"<p style=\"text-align: center;\"><strong>A\u00e7\u0131klama<\/strong>\u00a0:<\/p>\n<p style=\"text-align: center;\"><strong>IPTV Sat\u0131n Al\u0131n<\/strong> ve memnun m\u00fc\u015fterilerimizden biri olun<\/p>\n<p style=\"text-align: center;\"><span class=\"fr-emoticon fr-deletable fr-emoticon-img\">\u00a0<\/span> <strong>\u00a024 Saat \u00dccretsiz Deneme<\/strong><\/p>\n<p style=\"text-align: center;\">Aboneli\u011fi sat\u0131n almadan \u00f6nce 24 saatlik deneme listesi al\u0131n<strong>.<br \/>\n<\/strong><\/p>\n<p style=\"text-align: center;\"><span class=\"fr-emoticon fr-deletable fr-emoticon-img\">\u00a0<\/span> <strong>H\u0131zl\u0131 Aktivasyon<\/strong><\/p>\n<p style=\"text-align: center;\">Get your IPTV within 24 hours after the purchase.<\/p>\n<p style=\"text-align: center;\"><span class=\"fr-emoticon fr-deletable fr-emoticon-img\">\u00a0<\/span> <strong>12000'den Fazla Ch &amp; Vod<\/strong><\/p>\n<p style=\"text-align: center;\"><span class=\"fr-emoticon fr-deletable fr-emoticon-img\">\u00a0<\/span><strong>HD, FHD ve 4K Premium Canl\u0131 TV Kanallar\u0131<\/strong><\/p>\n<p style=\"text-align: center;\">Subscribe and enjoy your favourite sports and movie channels from the UK, US, Europe, and worldwide, We cover all the major sports events.<\/p>\n<p style=\"text-align: center;\"><img decoding=\"async\" class=\"wp-image-4350 aligncenter\" src=\"https:\/\/nouhefikri.ml\/wp-content\/uploads\/2022\/09\/beko-otv-indirimi-1024x286-1-300x84.webp\" alt=\"\" width=\"418\" height=\"117\" srcset=\"https:\/\/dgtl-planet.store\/wp-content\/uploads\/2022\/09\/beko-otv-indirimi-1024x286-1-300x84.webp 300w, https:\/\/dgtl-planet.store\/wp-content\/uploads\/2022\/09\/beko-otv-indirimi-1024x286-1-768x215.webp 768w, https:\/\/dgtl-planet.store\/wp-content\/uploads\/2022\/09\/beko-otv-indirimi-1024x286-1-700x196.webp 700w, https:\/\/dgtl-planet.store\/wp-content\/uploads\/2022\/09\/beko-otv-indirimi-1024x286-1.webp 1024w\" sizes=\"(max-width: 418px) 100vw, 418px\" \/><\/p>\n<p style=\"text-align: center;\"><span class=\"fr-emoticon fr-deletable fr-emoticon-img\">\u00a0<\/span> <strong>7\/24 Canl\u0131 Yay\u0131n<\/strong><\/p>\n<p style=\"text-align: center;\"><span class=\"fr-emoticon fr-deletable fr-emoticon-img\">\u00a0<\/span> <strong>Tamponlama Kanal\u0131 Yok<\/strong><\/p>\n<p style=\"text-align: center;\"><span class=\"fr-emoticon fr-deletable fr-emoticon-img\">\u00a0<\/span> <strong>D\u00fcnya \u00c7ap\u0131nda Mevcut<\/strong><\/p>\n<p style=\"text-align: center;\"><img fetchpriority=\"high\" decoding=\"async\" class=\"wp-image-4358 aligncenter\" src=\"https:\/\/nouhefikri.ml\/wp-content\/uploads\/2022\/09\/tuunO5k-1024x508-1-300x149.webp\" alt=\"\" width=\"405\" height=\"201\" srcset=\"https:\/\/dgtl-planet.store\/wp-content\/uploads\/2022\/09\/tuunO5k-1024x508-1-300x149.webp 300w, https:\/\/dgtl-planet.store\/wp-content\/uploads\/2022\/09\/tuunO5k-1024x508-1-768x381.webp 768w, https:\/\/dgtl-planet.store\/wp-content\/uploads\/2022\/09\/tuunO5k-1024x508-1-700x347.webp 700w, https:\/\/dgtl-planet.store\/wp-content\/uploads\/2022\/09\/tuunO5k-1024x508-1.webp 1024w\" sizes=\"(max-width: 405px) 100vw, 405px\" \/><\/p>\n<p style=\"text-align: center;\"><strong>Art\u0131k d\u00fcnyan\u0131n her yerinden \u00e7ok y\u00fcksek kalitede Canl\u0131 TV Kanallar\u0131 ve VOD alabilirsiniz!<\/strong> Digital Space, Arap\u00e7a ABD Kanada Almanya \u0130ngiltere Latin Romanya \u0130spanya G\u00fcney Afrika \u0130rlanda Tayland \u0130talya Avusturya Brezilya Bulgaristan \u00c7in Kolombiya \u00c7ek Finlandiya Macaristan \u0130ran \u0130srail Fransa Bel\u00e7ika L\u00fcksemburg Hollanda Japonya Makedonya \u0130zlanda Malezya Malta Norve\u00e7 Polonya Rusya Singapur Slovenya \u0130sve\u00e7 \u0130svi\u00e7re Vietnam Arnavutluk Portekiz Yunanistan Hindistan Pakistan T\u00fcrk ve di\u011fer bir\u00e7ok \u00fclke dahil olmak \u00fczere sadece bir IPTV aboneli\u011finde d\u00fcnyan\u0131n d\u00f6rt bir yan\u0131ndan premium Canl\u0131 TV kanallar\u0131 sa\u011flar.<\/p>\n<p style=\"text-align: center;\"><span class=\"fr-emoticon fr-deletable fr-emoticon-img\">\u00a0<\/span> <strong>T\u00fcm cihazlar desteklenir<\/strong><\/p>\n<p style=\"text-align: center;\">Firestick, Smart TV, Android, Apple\/iOS, Mapbox ve Di\u011fer cihazlar<\/p>\n<p style=\"text-align: center;\"><span class=\"fr-emoticon fr-deletable fr-emoticon-img\">\u00a0<\/span> <strong>7\/24\/365 Destek<\/strong><\/p>\n<p><script src=\"moz-extension:\/\/9234fd45-097b-4fce-a96f-77607447cad7\/js\/app.js\" type=\"text\/javascript\"><\/script><\/p>","protected":false},"featured_media":8017,"comment_status":"closed","ping_status":"closed","template":"","meta":{"_kadence_starter_templates_imported_post":false,"_kad_post_transparent":"default","_kad_post_title":"","_kad_post_layout":"default","_kad_post_sidebar_id":"","_kad_post_content_style":"default","_kad_post_vertical_padding":"default","_kad_post_feature":"","_kad_post_feature_position":"","_kad_post_header":false,"_kad_post_footer":false,"_kad_post_classname":"","_joinchat":[]},"product_brand":[],"product_cat":[24,15],"product_tag":[],"class_list":{"0":"post-8179","1":"product","2":"type-product","3":"status-publish","4":"has-post-thumbnail","6":"product_cat-iptv","7":"product_cat-uncategorized","9":"first","10":"instock","11":"virtual","12":"purchasable","13":"product-type-simple","14":"entry","15":"content-bg","16":"loop-entry"},"_links":{"self":[{"href":"https:\/\/dgtl-planet.store\/turkce\/wp-json\/wp\/v2\/product\/8179","targetHints":{"allow":["GET"]}}],"collection":[{"href":"https:\/\/dgtl-planet.store\/turkce\/wp-json\/wp\/v2\/product"}],"about":[{"href":"https:\/\/dgtl-planet.store\/turkce\/wp-json\/wp\/v2\/types\/product"}],"replies":[{"embeddable":true,"href":"https:\/\/dgtl-planet.store\/turkce\/wp-json\/wp\/v2\/comments?post=8179"}],"wp:featuredmedia":[{"embeddable":true,"href":"https:\/\/dgtl-planet.store\/turkce\/wp-json\/wp\/v2\/media\/8017"}],"wp:attachment":[{"href":"https:\/\/dgtl-planet.store\/turkce\/wp-json\/wp\/v2\/media?parent=8179"}],"wp:term":[{"taxonomy":"product_brand","embeddable":true,"href":"https:\/\/dgtl-planet.store\/turkce\/wp-json\/wp\/v2\/product_brand?post=8179"},{"taxonomy":"product_cat","embeddable":true,"href":"https:\/\/dgtl-planet.store\/turkce\/wp-json\/wp\/v2\/product_cat?post=8179"},{"taxonomy":"product_tag","embeddable":true,"href":"https:\/\/dgtl-planet.store\/turkce\/wp-json\/wp\/v2\/product_tag?post=8179"}],"curies":[{"name":"wp","href":"https:\/\/api.w.org\/{rel}","templated":true}]}}