{"id":6522,"date":"2023-06-25T10:56:34","date_gmt":"2023-06-25T10:56:34","guid":{"rendered":"https:\/\/dgtl-planet.com\/?page_id=6522"},"modified":"2023-09-23T10:41:58","modified_gmt":"2023-09-23T10:41:58","slug":"enigma-2","status":"publish","type":"page","link":"https:\/\/dgtl-planet.store\/turkce\/enigma-2\/","title":{"rendered":"ENIGMA 2"},"content":{"rendered":"<div data-elementor-type=\"wp-page\" data-elementor-id=\"6522\" class=\"elementor elementor-6522\" data-elementor-post-type=\"page\">\n\t\t\t\t\t\t<section class=\"elementor-section elementor-top-section elementor-element elementor-element-468950f elementor-section-boxed elementor-section-height-default elementor-section-height-default\" data-id=\"468950f\" data-element_type=\"section\" data-e-type=\"section\">\n\t\t\t\t\t\t<div class=\"elementor-container elementor-column-gap-default\">\n\t\t\t\t\t<div class=\"elementor-column elementor-col-100 elementor-top-column elementor-element elementor-element-313ddc7\" data-id=\"313ddc7\" data-element_type=\"column\" data-e-type=\"column\">\n\t\t\t<div class=\"elementor-widget-wrap elementor-element-populated\">\n\t\t\t\t\t\t<div class=\"elementor-element elementor-element-85784c9 elementor-widget elementor-widget-heading\" data-id=\"85784c9\" data-element_type=\"widget\" data-e-type=\"widget\" data-widget_type=\"heading.default\">\n\t\t\t\t\t<h1 class=\"elementor-heading-title elementor-size-default\">ENIGMA 2'ye ( IPTV.SH ) Nas\u0131l Kurulur<\/h1>\t\t\t\t<\/div>\n\t\t\t\t<div class=\"elementor-element elementor-element-0ff252f elementor-widget elementor-widget-text-editor\" data-id=\"0ff252f\" data-element_type=\"widget\" data-e-type=\"widget\" data-widget_type=\"text-editor.default\">\n\t\t\t\t\t\t\t\t\t<div class=\"elementor-element elementor-element-631633a elementor-widget elementor-widget-heading\" style=\"flex-basis: var(--flex-basis); flex-grow: var(--flex-grow); flex-shrink: var(--flex-shrink); order: var(--order); align-self: var(--align-self); flex-direction: var(--flex-direction); flex-wrap: var(--flex-wrap); justify-content: var(--justify-content); align-items: var(--align-items); align-content: var(--align-content); gap: var(--gap); --swiper-theme-color: #000; --swiper-navigation-size: 44px; --swiper-pagination-bullet-size: 6px; --swiper-pagination-bullet-horizontal-gap: 6px; --widgets-spacing: 20px; width: 1120px; text-align: center; color: #212529; font-family: -apple-system, BlinkMacSystemFont, 'Segoe UI', Roboto, 'Helvetica Neue', Arial, 'Noto Sans', sans-serif, 'Apple Color Emoji', 'Segoe UI Emoji', 'Segoe UI Symbol', 'Noto Color Emoji';\" data-id=\"631633a\" data-element_type=\"widget\" data-widget_type=\"heading.default\"><div class=\"elementor-widget-container\" style=\"transition: background .3s,border .3s,border-radius .3s,box-shadow .3s,transform var(--e-transform-transition-duration,.4s);\"><h1 class=\"elementor-heading-title elementor-size-medium\" style=\"margin-bottom: 0px; font-family: Roboto, sans-serif; font-weight: 400; color: #000000; word-break: break-word;\">1. Bu talimat Enigma 2 \/ Linux kurulumu i\u00e7indir, kullanmak i\u00e7in putty'ye y\u00fcklemeniz gerekir.<\/h1><\/div><\/div><div class=\"elementor-element elementor-element-91e8147 elementor-widget elementor-widget-heading\" style=\"flex-basis: var(--flex-basis); flex-grow: var(--flex-grow); flex-shrink: var(--flex-shrink); order: var(--order); align-self: var(--align-self); flex-direction: var(--flex-direction); flex-wrap: var(--flex-wrap); justify-content: var(--justify-content); align-items: var(--align-items); align-content: var(--align-content); gap: var(--gap); --swiper-theme-color: #000; --swiper-navigation-size: 44px; --swiper-pagination-bullet-size: 6px; --swiper-pagination-bullet-horizontal-gap: 6px; --widgets-spacing: 20px; width: 1120px; text-align: center; color: #212529; font-family: -apple-system, BlinkMacSystemFont, 'Segoe UI', Roboto, 'Helvetica Neue', Arial, 'Noto Sans', sans-serif, 'Apple Color Emoji', 'Segoe UI Emoji', 'Segoe UI Symbol', 'Noto Color Emoji';\" data-id=\"91e8147\" data-element_type=\"widget\" data-widget_type=\"heading.default\"><div class=\"elementor-widget-container\" style=\"transition: background .3s,border .3s,border-radius .3s,box-shadow .3s,transform var(--e-transform-transition-duration,.4s);\"><h1 class=\"elementor-heading-title elementor-size-medium\" style=\"margin-bottom: 0px; font-family: Roboto, sans-serif; font-weight: 400; color: #595fd0; word-break: break-word;\">Ayarlar &gt; Kurulum &gt; Sistem A\u011f Cihaz\u0131 &gt; Adapt\u00f6r Kurulumu &gt; Ayarlar<\/h1><\/div><\/div><div class=\"elementor-element elementor-element-57515c0 elementor-widget elementor-widget-heading\" style=\"flex-basis: var(--flex-basis); flex-grow: var(--flex-grow); flex-shrink: var(--flex-shrink); order: var(--order); align-self: var(--align-self); flex-direction: var(--flex-direction); flex-wrap: var(--flex-wrap); justify-content: var(--justify-content); align-items: var(--align-items); align-content: var(--align-content); gap: var(--gap); --swiper-theme-color: #000; --swiper-navigation-size: 44px; --swiper-pagination-bullet-size: 6px; --swiper-pagination-bullet-horizontal-gap: 6px; --widgets-spacing: 20px; width: 1120px; text-align: center; color: #212529; font-family: -apple-system, BlinkMacSystemFont, 'Segoe UI', Roboto, 'Helvetica Neue', Arial, 'Noto Sans', sans-serif, 'Apple Color Emoji', 'Segoe UI Emoji', 'Segoe UI Symbol', 'Noto Color Emoji';\" data-id=\"57515c0\" data-element_type=\"widget\" data-widget_type=\"heading.default\"><div class=\"elementor-widget-container\" style=\"transition: background .3s,border .3s,border-radius .3s,box-shadow .3s,transform var(--e-transform-transition-duration,.4s);\"><h1 class=\"elementor-heading-title elementor-size-medium\" style=\"margin-bottom: 0px; font-family: Roboto, sans-serif; font-weight: 400; color: #000000; word-break: break-word;\">Ve 192.168.... ile ba\u015flayan IP adresinizi al\u0131n<\/h1><p>2. Windows PC'nize gidin ve Putty Yaz\u0131l\u0131m\u0131n\u0131 indirin.<\/p><p>3. Macunu A\u00e7<\/p><p>4. Cihaz\u0131n\u0131z\u0131n IP adresini ekleyin.<\/p><p>5. 23 numaral\u0131 ba\u011flant\u0131 noktas\u0131n\u0131 ekleyin<\/p><p>6. A\u00e7 \u00fczerine t\u0131klay\u0131n<\/p><p>7. Varsay\u0131lan kullan\u0131c\u0131 ad\u0131n\u0131z ve parolan\u0131z root'tur<\/p><p>8. Hatt\u0131n\u0131z\u0131 kopyalay\u0131n (aboneli\u011finizi sipari\u015f ettikten sonra alacaks\u0131n\u0131z)<\/p><\/div><\/div><div class=\"elementor-element elementor-element-d45a99d elementor-widget elementor-widget-text-editor\" style=\"flex-basis: var(--flex-basis); flex-grow: var(--flex-grow); flex-shrink: var(--flex-shrink); order: var(--order); align-self: var(--align-self); flex-direction: var(--flex-direction); flex-wrap: var(--flex-wrap); justify-content: var(--justify-content); align-items: var(--align-items); align-content: var(--align-content); gap: var(--gap); --swiper-theme-color: #000; --swiper-navigation-size: 44px; --swiper-pagination-bullet-size: 6px; --swiper-pagination-bullet-horizontal-gap: 6px; --widgets-spacing: 20px; color: #56a7ef; font-family: var( --e-global-typography-text-font-family ), Sans-serif; font-weight: 400; width: 1120px; text-align: center;\" data-id=\"d45a99d\" data-element_type=\"widget\" data-widget_type=\"text-editor.default\"><div class=\"elementor-widget-container\" style=\"transition: background .3s,border .3s,border-radius .3s,box-shadow .3s,transform var(--e-transform-transition-duration,.4s);\"><p style=\"margin-bottom: 1rem; font-family: inherit; font-size: inherit; line-height: inherit; color: inherit; font-weight: inherit;\">wget -O \/etc\/enigma2\/iptv.sh \"your m3u link\" &amp;&amp; chmod 777 \/etc\/enigma2\/iptv.sh &amp;&amp; \/etc\/enigma2\/iptv.sh<\/p><\/div><\/div><div class=\"elementor-element elementor-element-9023d26 elementor-widget elementor-widget-heading\" style=\"flex-basis: var(--flex-basis); flex-grow: var(--flex-grow); flex-shrink: var(--flex-shrink); order: var(--order); align-self: var(--align-self); flex-direction: var(--flex-direction); flex-wrap: var(--flex-wrap); justify-content: var(--justify-content); align-items: var(--align-items); align-content: var(--align-content); gap: var(--gap); --swiper-theme-color: #000; --swiper-navigation-size: 44px; --swiper-pagination-bullet-size: 6px; --swiper-pagination-bullet-horizontal-gap: 6px; --widgets-spacing: 20px; width: 1120px; margin-bottom: 20px; text-align: center; color: #212529; font-family: -apple-system, BlinkMacSystemFont, 'Segoe UI', Roboto, 'Helvetica Neue', Arial, 'Noto Sans', sans-serif, 'Apple Color Emoji', 'Segoe UI Emoji', 'Segoe UI Symbol', 'Noto Color Emoji';\" data-id=\"9023d26\" data-element_type=\"widget\" data-widget_type=\"heading.default\"><div class=\"elementor-widget-container\" style=\"transition: background .3s,border .3s,border-radius .3s,box-shadow .3s,transform var(--e-transform-transition-duration,.4s);\"><h1 class=\"elementor-heading-title elementor-size-medium\" style=\"margin-bottom: 0px; font-family: Roboto, sans-serif; font-weight: 400; color: #000000; word-break: break-word;\">9. Sat\u0131r\u0131n\u0131z\u0131 girdikten sonra FARE TU\u015eUNA SA\u011e TIKLAYIN ENTER tu\u015funa bas\u0131n<\/h1><p>10. Yeniden ba\u015flat yazd\u0131\u011f\u0131n\u0131zda cihaz\u0131n\u0131z yeniden ba\u015flayacakt\u0131r.<\/p><\/div><\/div>\t\t\t\t\t\t\t\t<\/div>\n\t\t\t\t\t<\/div>\n\t\t<\/div>\n\t\t\t\t\t<\/div>\n\t\t<\/section>\n\t\t\t\t<\/div>","protected":false},"excerpt":{"rendered":"<p>ENIGMA 2 1'e (IPTV.SH) Nas\u0131l Kurulur? Bu talimat Enigma 2 \/ Linux kurulumu i\u00e7indir, kullanmak i\u00e7in putty'ye y\u00fcklemeniz gerekir. Ayarlar &gt; Kurulum &gt; Sistem A\u011f Ayg\u0131t\u0131 &gt; Adapt\u00f6r Kurulumu &gt; Ayarlar Ve 192.168.... ile ba\u015flayan IP adresinizi al\u0131n 2. Windows PC'nize gidin ve \u0130ndirin ...<\/p>","protected":false},"author":1,"featured_media":0,"parent":0,"menu_order":0,"comment_status":"closed","ping_status":"closed","template":"","meta":{"_kadence_starter_templates_imported_post":false,"_kad_post_transparent":"","_kad_post_title":"hide","_kad_post_layout":"fullwidth","_kad_post_sidebar_id":"","_kad_post_content_style":"unboxed","_kad_post_vertical_padding":"hide","_kad_post_feature":"hide","_kad_post_feature_position":"","_kad_post_header":false,"_kad_post_footer":false,"_kad_post_classname":"","_joinchat":[],"footnotes":""},"class_list":["post-6522","page","type-page","status-publish","hentry"],"_links":{"self":[{"href":"https:\/\/dgtl-planet.store\/turkce\/wp-json\/wp\/v2\/pages\/6522","targetHints":{"allow":["GET"]}}],"collection":[{"href":"https:\/\/dgtl-planet.store\/turkce\/wp-json\/wp\/v2\/pages"}],"about":[{"href":"https:\/\/dgtl-planet.store\/turkce\/wp-json\/wp\/v2\/types\/page"}],"author":[{"embeddable":true,"href":"https:\/\/dgtl-planet.store\/turkce\/wp-json\/wp\/v2\/users\/1"}],"replies":[{"embeddable":true,"href":"https:\/\/dgtl-planet.store\/turkce\/wp-json\/wp\/v2\/comments?post=6522"}],"version-history":[{"count":10,"href":"https:\/\/dgtl-planet.store\/turkce\/wp-json\/wp\/v2\/pages\/6522\/revisions"}],"predecessor-version":[{"id":6894,"href":"https:\/\/dgtl-planet.store\/turkce\/wp-json\/wp\/v2\/pages\/6522\/revisions\/6894"}],"wp:attachment":[{"href":"https:\/\/dgtl-planet.store\/turkce\/wp-json\/wp\/v2\/media?parent=6522"}],"curies":[{"name":"wp","href":"https:\/\/api.w.org\/{rel}","templated":true}]}}