{"id":6474,"date":"2023-06-24T10:36:05","date_gmt":"2023-06-24T10:36:05","guid":{"rendered":"https:\/\/dgtl-planet.com\/?page_id=6474"},"modified":"2023-06-24T10:46:14","modified_gmt":"2023-06-24T10:46:14","slug":"ios","status":"publish","type":"page","link":"https:\/\/dgtl-planet.store\/turkce\/ios\/","title":{"rendered":"IOS"},"content":{"rendered":"<div data-elementor-type=\"wp-page\" data-elementor-id=\"6474\" class=\"elementor elementor-6474\" data-elementor-post-type=\"page\">\n\t\t\t\t\t\t<section class=\"elementor-section elementor-top-section elementor-element elementor-element-4a29ab7 elementor-section-boxed elementor-section-height-default elementor-section-height-default\" data-id=\"4a29ab7\" data-element_type=\"section\" data-e-type=\"section\">\n\t\t\t\t\t\t<div class=\"elementor-container elementor-column-gap-default\">\n\t\t\t\t\t<div class=\"elementor-column elementor-col-100 elementor-top-column elementor-element elementor-element-30acd6c\" data-id=\"30acd6c\" data-element_type=\"column\" data-e-type=\"column\">\n\t\t\t<div class=\"elementor-widget-wrap elementor-element-populated\">\n\t\t\t\t\t\t<div class=\"elementor-element elementor-element-589b9a2 elementor-widget elementor-widget-heading\" data-id=\"589b9a2\" data-element_type=\"widget\" data-e-type=\"widget\" data-widget_type=\"heading.default\">\n\t\t\t\t\t<h1 class=\"elementor-heading-title elementor-size-default\">Smarters Player Lite ile Apple \/ IOS'ta IPTV Kurun<\/h1>\t\t\t\t<\/div>\n\t\t\t\t<div class=\"elementor-element elementor-element-f2f30ef elementor-widget elementor-widget-text-editor\" data-id=\"f2f30ef\" data-element_type=\"widget\" data-e-type=\"widget\" data-widget_type=\"text-editor.default\">\n\t\t\t\t\t\t\t\t\t<div class=\"elementor-element elementor-element-b2f1201 elementor-widget elementor-widget-heading\" data-id=\"b2f1201\" data-element_type=\"widget\" data-widget_type=\"heading.default\"><div class=\"elementor-widget-container\"><h1 class=\"elementor-heading-title elementor-size-medium\" style=\"text-align: center;\"><span style=\"color: #003300;\">Ad\u0131m 1: Bu URL arac\u0131l\u0131\u011f\u0131yla Apple Store'dan IPTV Smarters uygulamas\u0131n\u0131 indirerek ba\u015flay\u0131n:<\/span><\/h1><\/div><\/div><div class=\"elementor-element elementor-element-6f53b54 elementor-widget elementor-widget-text-editor\" style=\"text-align: center;\" data-id=\"6f53b54\" data-element_type=\"widget\" data-widget_type=\"text-editor.default\"><div class=\"elementor-widget-container\"><p><span style=\"color: #003300;\"><strong><a style=\"color: #003300;\" href=\"https:\/\/itunes.apple.com\/us\/app\/iptv-smarters-player\/id1383614816\">https:\/\/itunes.apple.com\/us\/app\/iptv-smarters-player\/id1383614816<\/a><\/strong><\/span><\/p><\/div><\/div><div class=\"elementor-element elementor-element-699c0da elementor-widget elementor-widget-heading\" data-id=\"699c0da\" data-element_type=\"widget\" data-widget_type=\"heading.default\"><div class=\"elementor-widget-container\"><h2 class=\"elementor-heading-title elementor-size-medium\" style=\"text-align: center;\"><span style=\"color: #003300;\">veya App Store'da arayabilirsiniz<\/span><br \/><br \/><span style=\"color: #003300;\">Uygulamay\u0131 IOS cihaz\u0131n\u0131za y\u00fckleyin.<\/span><\/h2><\/div><\/div>\t\t\t\t\t\t\t\t<\/div>\n\t\t\t\t<div class=\"elementor-element elementor-element-9c3a545 elementor-widget elementor-widget-image\" data-id=\"9c3a545\" data-element_type=\"widget\" data-e-type=\"widget\" data-widget_type=\"image.default\">\n\t\t\t\t\t\t\t\t\t\t\t\t\t\t\t<img fetchpriority=\"high\" decoding=\"async\" width=\"767\" height=\"361\" src=\"https:\/\/dgtl-planet.store\/wp-content\/uploads\/2023\/06\/K10.png\" class=\"attachment-large size-large wp-image-6476\" alt=\"\" srcset=\"https:\/\/dgtl-planet.store\/wp-content\/uploads\/2023\/06\/K10.png 767w, https:\/\/dgtl-planet.store\/wp-content\/uploads\/2023\/06\/K10-300x141.png 300w\" sizes=\"(max-width: 767px) 100vw, 767px\" \/>\t\t\t\t\t\t\t\t\t\t\t\t\t\t\t<\/div>\n\t\t\t\t<div class=\"elementor-element elementor-element-bd9005b elementor-widget elementor-widget-text-editor\" data-id=\"bd9005b\" data-element_type=\"widget\" data-e-type=\"widget\" data-widget_type=\"text-editor.default\">\n\t\t\t\t\t\t\t\t\t<p class=\"elementor-heading-title elementor-size-medium\" style=\"text-align: center;\"><span style=\"color: #003300;\">Ad\u0131m 3: Bizimle bir abonelik ald\u0131ktan sonra size sa\u011flad\u0131\u011f\u0131m\u0131z giri\u015f bilgilerini girin<\/span><br \/><br \/><span style=\"color: #003300;\">\u015eimdi bir sonraki b\u00f6l\u00fcme ge\u00e7mek i\u00e7in \"KULLANICI EKLE\" \u00fczerine t\u0131klay\u0131n.<\/span><br \/><br \/><span style=\"color: #003300;\">Ad\u0131m 4: Birka\u00e7 saniye bekleyin.<\/span><br \/><br \/><span style=\"color: #003300;\">Ad\u0131m 5: \u015eimdi resimde k\u0131rm\u0131z\u0131 okla g\u00f6sterildi\u011fi gibi \"Canl\u0131 TV\" simgesine t\u0131klay\u0131n.<\/span><\/p>\t\t\t\t\t\t\t\t<\/div>\n\t\t\t\t<div class=\"elementor-element elementor-element-bd99ad8 elementor-widget elementor-widget-image\" data-id=\"bd99ad8\" data-element_type=\"widget\" data-e-type=\"widget\" data-widget_type=\"image.default\">\n\t\t\t\t\t\t\t\t\t\t\t\t\t\t\t<img decoding=\"async\" width=\"1024\" height=\"468\" src=\"https:\/\/dgtl-planet.store\/wp-content\/uploads\/2023\/06\/Capture-1024x468.png\" class=\"attachment-large size-large wp-image-6478\" alt=\"\" srcset=\"https:\/\/dgtl-planet.store\/wp-content\/uploads\/2023\/06\/Capture-1024x468.png 1024w, https:\/\/dgtl-planet.store\/wp-content\/uploads\/2023\/06\/Capture-300x137.png 300w, https:\/\/dgtl-planet.store\/wp-content\/uploads\/2023\/06\/Capture-768x351.png 768w, https:\/\/dgtl-planet.store\/wp-content\/uploads\/2023\/06\/Capture.png 1135w\" sizes=\"(max-width: 1024px) 100vw, 1024px\" \/>\t\t\t\t\t\t\t\t\t\t\t\t\t\t\t<\/div>\n\t\t\t\t<div class=\"elementor-element elementor-element-46c2913 elementor-widget elementor-widget-text-editor\" data-id=\"46c2913\" data-element_type=\"widget\" data-e-type=\"widget\" data-widget_type=\"text-editor.default\">\n\t\t\t\t\t\t\t\t\t<p class=\"elementor-heading-title elementor-size-medium\" style=\"text-align: center;\"><span style=\"color: #003300;\">Ad\u0131m 6: \u015eimdi izlemek istedi\u011finiz kanal grubunu se\u00e7meli ve bir sonraki b\u00f6l\u00fcme ge\u00e7melisiniz.<\/span><\/p><p style=\"text-align: center;\"><span style=\"color: #003300;\">Ad\u0131m 7: \u015eimdi kanal ad\u0131na t\u0131klaman\u0131z ve ard\u0131ndan son ad\u0131m olarak tam ekrana d\u00f6n\u00fc\u015ft\u00fcrmek i\u00e7in k\u00fc\u00e7\u00fck ekrana \u00e7ift t\u0131klaman\u0131z gerekir.<\/span><\/p><p style=\"text-align: center;\"><span style=\"color: #003300;\">Ad\u0131m 8: EPG eklemek i\u00e7in herhangi bir EPG url'si eklemenize gerek yoktur, Sadece \"EPG Y\u00fckle\" se\u00e7ene\u011fine t\u0131klay\u0131n.\u00a0<\/span><\/p><p style=\"text-align: center;\"><strong><span style=\"color: #003300;\">Bitti<\/span><\/strong><\/p>\t\t\t\t\t\t\t\t<\/div>\n\t\t\t\t\t<\/div>\n\t\t<\/div>\n\t\t\t\t\t<\/div>\n\t\t<\/section>\n\t\t\t\t<\/div>","protected":false},"excerpt":{"rendered":"<p>Smarters Player Lite ile Apple \/ IOS'ta IPTV Kurulumu Ad\u0131m 1: Bu URL arac\u0131l\u0131\u011f\u0131yla Apple Store'dan IPTV Smarters uygulamas\u0131n\u0131 indirerek ba\u015flay\u0131n: https:\/\/itunes.apple.com\/us\/app\/iptv-smarters-player\/id1383614816 veya uygulamay\u0131 IOS cihaz\u0131n\u0131za y\u00fcklemek i\u00e7in App store'da arayabilirsiniz. Ad\u0131m 3: \u0130ndirdikten sonra size verdi\u011fimiz giri\u015f bilgilerini girin...<\/p>","protected":false},"author":1,"featured_media":0,"parent":0,"menu_order":0,"comment_status":"closed","ping_status":"closed","template":"","meta":{"_kadence_starter_templates_imported_post":false,"_kad_post_transparent":"","_kad_post_title":"hide","_kad_post_layout":"fullwidth","_kad_post_sidebar_id":"","_kad_post_content_style":"unboxed","_kad_post_vertical_padding":"hide","_kad_post_feature":"hide","_kad_post_feature_position":"","_kad_post_header":false,"_kad_post_footer":false,"_kad_post_classname":"","_joinchat":[],"footnotes":""},"class_list":["post-6474","page","type-page","status-publish","hentry"],"_links":{"self":[{"href":"https:\/\/dgtl-planet.store\/turkce\/wp-json\/wp\/v2\/pages\/6474","targetHints":{"allow":["GET"]}}],"collection":[{"href":"https:\/\/dgtl-planet.store\/turkce\/wp-json\/wp\/v2\/pages"}],"about":[{"href":"https:\/\/dgtl-planet.store\/turkce\/wp-json\/wp\/v2\/types\/page"}],"author":[{"embeddable":true,"href":"https:\/\/dgtl-planet.store\/turkce\/wp-json\/wp\/v2\/users\/1"}],"replies":[{"embeddable":true,"href":"https:\/\/dgtl-planet.store\/turkce\/wp-json\/wp\/v2\/comments?post=6474"}],"version-history":[{"count":4,"href":"https:\/\/dgtl-planet.store\/turkce\/wp-json\/wp\/v2\/pages\/6474\/revisions"}],"predecessor-version":[{"id":6481,"href":"https:\/\/dgtl-planet.store\/turkce\/wp-json\/wp\/v2\/pages\/6474\/revisions\/6481"}],"wp:attachment":[{"href":"https:\/\/dgtl-planet.store\/turkce\/wp-json\/wp\/v2\/media?parent=6474"}],"curies":[{"name":"wp","href":"https:\/\/api.w.org\/{rel}","templated":true}]}}