{"id":1291,"date":"2022-06-10T07:49:23","date_gmt":"2022-06-10T07:49:23","guid":{"rendered":"https:\/\/nouhefikri.ml\/?page_id=1291"},"modified":"2025-01-15T20:19:36","modified_gmt":"2025-01-15T20:19:36","slug":"sartlar-ve-kosullar","status":"publish","type":"page","link":"https:\/\/dgtl-planet.store\/turkce\/sartlar-ve-kosullar\/","title":{"rendered":"\u015eartlar ve ko\u015fullar"},"content":{"rendered":"<div data-elementor-type=\"wp-page\" data-elementor-id=\"1291\" class=\"elementor elementor-1291\" data-elementor-post-type=\"page\">\n\t\t\t\t\t\t<section class=\"elementor-section elementor-top-section elementor-element elementor-element-946a9b1 elementor-section-boxed elementor-section-height-default elementor-section-height-default\" data-id=\"946a9b1\" data-element_type=\"section\" data-e-type=\"section\">\n\t\t\t\t\t\t<div class=\"elementor-container elementor-column-gap-default\">\n\t\t\t\t\t<div class=\"elementor-column elementor-col-100 elementor-top-column elementor-element elementor-element-95d6561\" data-id=\"95d6561\" data-element_type=\"column\" data-e-type=\"column\">\n\t\t\t<div class=\"elementor-widget-wrap elementor-element-populated\">\n\t\t\t\t\t\t<div class=\"elementor-element elementor-element-88d6776 elementor-widget elementor-widget-heading\" data-id=\"88d6776\" data-element_type=\"widget\" data-e-type=\"widget\" data-widget_type=\"heading.default\">\n\t\t\t\t\t<h1 class=\"elementor-heading-title elementor-size-default\">\u015eartlar ve Ko\u015fullar<\/h1>\t\t\t\t<\/div>\n\t\t\t\t\t<\/div>\n\t\t<\/div>\n\t\t\t\t\t<\/div>\n\t\t<\/section>\n\t\t\t\t<section class=\"elementor-section elementor-top-section elementor-element elementor-element-21a6a20 elementor-section-boxed elementor-section-height-default elementor-section-height-default\" data-id=\"21a6a20\" data-element_type=\"section\" data-e-type=\"section\">\n\t\t\t\t\t\t<div class=\"elementor-container elementor-column-gap-default\">\n\t\t\t\t\t<div class=\"elementor-column elementor-col-100 elementor-top-column elementor-element elementor-element-e2130b4\" data-id=\"e2130b4\" data-element_type=\"column\" data-e-type=\"column\">\n\t\t\t<div class=\"elementor-widget-wrap elementor-element-populated\">\n\t\t\t\t\t\t<div class=\"elementor-element elementor-element-bc70f1e elementor-widget elementor-widget-text-editor\" data-id=\"bc70f1e\" data-element_type=\"widget\" data-e-type=\"widget\" data-widget_type=\"text-editor.default\">\n\t\t\t\t\t\t\t\t\t<p>DIGITAL PLANET'ten bir sat\u0131n alma i\u015flemi yapmadan \u00f6nce l\u00fctfen h\u00fck\u00fcm ve ko\u015fullar\u0131m\u0131z\u0131 okuyup anlad\u0131\u011f\u0131n\u0131zdan emin olun. IPTV Abonelik Planlar\u0131m\u0131z (yaln\u0131zca dijital) canl\u0131 TV kanallar\u0131na, talep \u00fczerine video filmlerine ve TV \u015fovlar\u0131na eri\u015fim sunar.<br \/>Bizden abone olarak veya sat\u0131n alarak a\u015fa\u011f\u0131daki h\u00fck\u00fcm ve ko\u015fullar\u0131 kabul etmi\u015f olursunuz.<\/p><p><strong>\u0130zin verilen minimum ya\u015f<\/strong><br \/>Bize abone olmak ve DIGITAL PLANET hizmetlerinden yararlanmak i\u00e7in en az 18 ya\u015f\u0131nda olman\u0131z gerekir.<\/p><p><strong>Abonelik ba\u015f\u0131na \u0130zin Verilen Ba\u011flant\u0131lar<\/strong><br \/>Her abonelik yaln\u0131zca 1 ba\u011flant\u0131ya izin verir.<br \/>1'den fazla ba\u011flant\u0131 kullanmak, Aboneli\u011finizin ve IP'nizin sa\u011flay\u0131c\u0131 taraf\u0131ndan geri \u00f6demesiz olarak ask\u0131ya al\u0131nmas\u0131na neden olacakt\u0131r.<\/p><p><strong>Canl\u0131 TV Kanallar\u0131 ve VOD Say\u0131s\u0131 <\/strong>Kanallar ve VOD, herhangi bir zamanda ve \u00f6nceden haber verilmeksizin de\u011fi\u015ftirilebilir, g\u00fcncellenebilir veya kald\u0131r\u0131labilir.<br \/>Kategorilerde veya i\u00e7eri\u011fe dahil olan herhangi bir \u015feyde herhangi bir de\u011fi\u015fiklik her zaman olabilir.<br \/>DIGITAL PLANET, sa\u011flanan i\u00e7erik veya EPG veya bunlarda meydana gelen g\u00fcncellemeler \u00fczerinde herhangi bir kontrole sahip de\u011fildir.<\/p><p><strong>Kabul edilemez kullan\u0131m davran\u0131\u015f\u0131<\/strong><br \/>DIGITAL PLANET, sa\u011flanan i\u00e7eri\u011fin herhangi bir t\u00fcr\u00fcn\u00fcn yeniden yay\u0131nlanmas\u0131na, i\u00e7eri\u011fin iletilmesine veya da\u011f\u0131t\u0131lmas\u0131na izin vermez.<\/p><p><strong>Sa\u011flanan i\u00e7eri\u011fin kalitesi<\/strong><br \/>IPTV'nin do\u011fas\u0131 ve \u0130nternet Servis Sa\u011flay\u0131c\u0131s\u0131, \u0130nternet H\u0131z\u0131, Bant Geni\u015fli\u011fi, Ak\u0131\u015f kaynaklar\u0131 ve di\u011fer bir\u00e7ok de\u011fi\u015fken gibi fakt\u00f6rlere ba\u011fl\u0131 olmas\u0131 nedeniyle, herhangi bir i\u00e7eri\u011fin her zaman 100% \u00e7al\u0131\u015faca\u011f\u0131n\u0131 garanti edemeyiz, arabelle\u011fe alma, donma veya \u00e7al\u0131\u015fmayan i\u00e7erik gibi sorunlar bulmak m\u00fcmk\u00fcnd\u00fcr<br \/>Bu nedenle, sorun ya\u015fama olas\u0131l\u0131\u011f\u0131n\u0131 azaltmak i\u00e7in y\u00fcksek h\u0131zl\u0131 bir internet ba\u011flant\u0131s\u0131na sahip oldu\u011funuzdan ve \u0130SS'nizin IPTV sunucular\u0131na izin verdi\u011finden emin olun<br \/>Aboneli\u011finizi payla\u015fman\u0131n da \u00f6nceden haber verilmeksizin an\u0131nda fesihle sonu\u00e7lanaca\u011f\u0131n\u0131 l\u00fctfen unutmay\u0131n.<\/p><p><strong>Proxy \/ VPN kullan\u0131m politikas\u0131<\/strong><br \/>Proxy \/ VPN uygulamalar\u0131n\u0131n veya sunucular\u0131n\u0131n kullan\u0131lmas\u0131na izin verilmez ve para iadesi olmaks\u0131z\u0131n hizmetin ask\u0131ya al\u0131nmas\u0131na neden olabilir.<\/p><p><strong>Desteklenmeyen \u00dclkeler<\/strong><br \/>Hizmetimiz, \u0130nternet Servis Sa\u011flay\u0131c\u0131n\u0131z hizmetlerimizi engellemedi\u011fi s\u00fcrece d\u00fcnyan\u0131n her yerinde \u00e7al\u0131\u015f\u0131r.<\/p><p><strong>Veri kullan\u0131m \u00fccretleri<\/strong><br \/>M\u00fc\u015fteri, veri kullan\u0131m\u0131 veya internet \u00fccretleriyle ilgili her t\u00fcrl\u00fc masraf veya \u00fccretten sorumludur.<\/p><p><strong>Sa\u011flanan bilgiler<\/strong><br \/>Sa\u011flanan her t\u00fcrl\u00fc bilgi veya veri do\u011fru olmal\u0131d\u0131r.<br \/>Bizden herhangi bir \u00fcr\u00fcn sat\u0131n almak i\u00e7in kullan\u0131lan \u00f6deme y\u00f6nteminin sahibi veya kullanma hakk\u0131na sahip olmal\u0131s\u0131n\u0131z.<\/p><p><strong>\u015eartlar ve Ko\u015fullar\u0131m\u0131zda Yap\u0131lan D\u00fczenlemeler<\/strong><br \/>Bu H\u00fck\u00fcm ve Ko\u015fullar\u0131n her zaman ve \u00f6nceden haber verilmeksizin de\u011fi\u015ftirilmesi m\u00fcmk\u00fcnd\u00fcr.<br \/>Gizlilik Politikam\u0131z da dahil olmak \u00fczere, M\u00fc\u015fteriye bildirimde bulunarak veya bulunmaks\u0131z\u0131n. Bu t\u00fcr herhangi bir de\u011fi\u015fiklik, a\u00e7\u0131k bir \u015fekilde yay\u0131nland\u0131ktan hemen sonra y\u00fcr\u00fcrl\u00fc\u011fe girecektir. Bu t\u00fcr bir de\u011fi\u015fikli\u011fin ard\u0131ndan Hizmetimizi ve bu Siteyi kullanmaya devam etmeniz, bu de\u011fi\u015ftirilmi\u015f Ko\u015fullar\u0131 kabul etti\u011finiz anlam\u0131na gelir.<br \/>VOD k\u00fct\u00fcphanesindeki kanal ve film say\u0131s\u0131, her hafta yapt\u0131\u011f\u0131m\u0131z g\u00fcncellemeye g\u00f6re de\u011fi\u015ftirilebilir.<\/p><p><strong>Fiyatland\u0131rma<\/strong><br \/>DIGITAL PLANET'in sa\u011flad\u0131\u011f\u0131 hizmetler herhangi bir zamanda ve \u00f6nceden haber verilmeksizin de\u011fi\u015ftirilebilir ve g\u00fcncellenebilir.<br \/>\u0130ndirimler ve promosyonlar her zaman ger\u00e7ekle\u015febilir, tekliften \u00f6nce bir hizmet sat\u0131n al\u0131nmas\u0131 durumunda tekliften yararlanmak i\u00e7in iade edilemez.<\/p><p><strong>Abonelik bilgileri<\/strong><br \/>Bizden bir IPTV aboneli\u011fi sat\u0131n almadan \u00f6nce veya herhangi bir sorun ya\u015faman\u0131z durumunda ayr\u0131nt\u0131lar\u0131 ve talimatlar\u0131 izlemeniz gerekir.<\/p><p><strong>Ask\u0131ya alma ve duru\u015f s\u00fcresi<\/strong><br \/>aboneli\u0307\u011fi\u0307 feshetme veya devre di\u015fi birakma hak ve ko\u015fullarimiza ek olarak, sunucu bakimi veya herhangi\u0307 bi\u0307r g\u00fcncelleme veya sunucu i\u0307le i\u0307lgi\u0307li\u0307 sorunlarda, bunlar ger\u00e7ekle\u015fmeden \u00f6nce bi\u0307lgi\u0307lendi\u0307ri\u0307lmeyece\u011fi\u0307ni\u0307zi\u0307 onaylar ve kabul edersi\u0307ni\u0307z.<br \/>Bu S\u00f6zle\u015fmenin anla\u015f\u0131lmas\u0131 i\u00e7in yap\u0131lacak veya sunulacak t\u00fcm ileti\u015fim ve \u015fartlar\u0131n \u0130ngilizce dilinde olmas\u0131 gerekir. DIGITAL PLANET'in tamamen kendi takdirine ba\u011fl\u0131 olarak yukar\u0131daki h\u00fck\u00fcm ve ko\u015fullardan herhangi birini, herhangi bir yasay\u0131 veya d\u00fczenlemeyi ihlal etti\u011finize karar vermesi durumunda, \u00f6nceden bildirimde bulunmaks\u0131z\u0131n veya y\u00fck\u00fcml\u00fcl\u00fck alt\u0131na girmeksizin, hizmetleri kullan\u0131m\u0131n\u0131z\u0131 veya i\u00e7eri\u011fe eri\u015fiminizi herhangi bir anda derhal sona erdirme veya s\u0131n\u0131rlama yetkisine ve hakk\u0131na sahibiz.<br \/>- DIGITAL PLANET logosu ve di\u011fer DIGITAL PLANET ticari markalar\u0131, foto\u011fraflar\u0131 ve yaz\u0131l\u0131 i\u00e7eri\u011fi DIGITAL PLANET'e aittir. T\u00fcm DIGITAL PLANET ticari markalar\u0131 kopyalanamaz, indirilemez, payla\u015f\u0131lamaz veya herhangi bir \u015fekilde kullan\u0131lamaz.<\/p>\t\t\t\t\t\t\t\t<\/div>\n\t\t\t\t\t<\/div>\n\t\t<\/div>\n\t\t\t\t\t<\/div>\n\t\t<\/section>\n\t\t\t\t<\/div>","protected":false},"excerpt":{"rendered":"<p>\u015eartlar ve Ko\u015fullar DIGITAL PLANET'ten bir sat\u0131n alma i\u015flemi yapmadan \u00f6nce l\u00fctfen \u015fartlar ve ko\u015fullar\u0131m\u0131z\u0131 okuyup anlad\u0131\u011f\u0131n\u0131zdan emin olun. IPTV Abonelik Planlar\u0131m\u0131z (yaln\u0131zca dijital) canl\u0131 TV kanallar\u0131na, iste\u011fe ba\u011fl\u0131 filmlere ve TV \u015fovlar\u0131na eri\u015fim sunar. Abone olarak veya bizden sat\u0131n alarak a\u015fa\u011f\u0131daki h\u00fck\u00fcm ve ko\u015fullar\u0131 kabul etmi\u015f ve onaylam\u0131\u015f olursunuz....<\/p>","protected":false},"author":1,"featured_media":0,"parent":0,"menu_order":0,"comment_status":"closed","ping_status":"closed","template":"elementor_header_footer","meta":{"_kadence_starter_templates_imported_post":false,"_kad_post_transparent":"","_kad_post_title":"hide","_kad_post_layout":"fullwidth","_kad_post_sidebar_id":"","_kad_post_content_style":"unboxed","_kad_post_vertical_padding":"hide","_kad_post_feature":"hide","_kad_post_feature_position":"","_kad_post_header":false,"_kad_post_footer":false,"_kad_post_classname":"","_joinchat":[],"footnotes":""},"class_list":["post-1291","page","type-page","status-publish","hentry"],"_links":{"self":[{"href":"https:\/\/dgtl-planet.store\/turkce\/wp-json\/wp\/v2\/pages\/1291","targetHints":{"allow":["GET"]}}],"collection":[{"href":"https:\/\/dgtl-planet.store\/turkce\/wp-json\/wp\/v2\/pages"}],"about":[{"href":"https:\/\/dgtl-planet.store\/turkce\/wp-json\/wp\/v2\/types\/page"}],"author":[{"embeddable":true,"href":"https:\/\/dgtl-planet.store\/turkce\/wp-json\/wp\/v2\/users\/1"}],"replies":[{"embeddable":true,"href":"https:\/\/dgtl-planet.store\/turkce\/wp-json\/wp\/v2\/comments?post=1291"}],"version-history":[{"count":44,"href":"https:\/\/dgtl-planet.store\/turkce\/wp-json\/wp\/v2\/pages\/1291\/revisions"}],"predecessor-version":[{"id":8679,"href":"https:\/\/dgtl-planet.store\/turkce\/wp-json\/wp\/v2\/pages\/1291\/revisions\/8679"}],"wp:attachment":[{"href":"https:\/\/dgtl-planet.store\/turkce\/wp-json\/wp\/v2\/media?parent=1291"}],"curies":[{"name":"wp","href":"https:\/\/api.w.org\/{rel}","templated":true}]}}