{"id":8179,"date":"2024-11-22T11:49:38","date_gmt":"2024-11-22T11:49:38","guid":{"rendered":"https:\/\/dgtl-planet.com\/?post_type=product&#038;p=8179"},"modified":"2024-12-17T20:22:21","modified_gmt":"2024-12-17T20:22:21","slug":"1-rok-2ds-3","status":"publish","type":"product","link":"https:\/\/dgtl-planet.store\/poleruj\/produkt\/1-rok-2ds-3\/","title":{"rendered":"1 rok (2Ds)"},"content":{"rendered":"<p style=\"text-align: center;\"><strong>Opis<\/strong>\u00a0:<\/p>\n<p style=\"text-align: center;\"><strong>Kup IPTV<\/strong> i zosta\u0144 jednym z naszych zadowolonych klient\u00f3w<\/p>\n<p style=\"text-align: center;\"><span class=\"fr-emoticon fr-deletable fr-emoticon-img\">\u00a0<\/span> <strong>\u00a0Bezp\u0142atna 24-godzinna wersja pr\u00f3bna<\/strong><\/p>\n<p style=\"text-align: center;\">Uzyskaj 24-godzinn\u0105 list\u0119 pr\u00f3bn\u0105 przed zakupem subskrypcji<strong>.<br \/>\n<\/strong><\/p>\n<p style=\"text-align: center;\"><span class=\"fr-emoticon fr-deletable fr-emoticon-img\">\u00a0<\/span> <strong>Szybka aktywacja<\/strong><\/p>\n<p style=\"text-align: center;\">Get your IPTV within 24 hours after the purchase.<\/p>\n<p style=\"text-align: center;\"><span class=\"fr-emoticon fr-deletable fr-emoticon-img\">\u00a0<\/span> <strong>Ponad 12000+ Ch i Vod<\/strong><\/p>\n<p style=\"text-align: center;\"><span class=\"fr-emoticon fr-deletable fr-emoticon-img\">\u00a0<\/span><strong>Kana\u0142y HD, FHD i 4K Premium LiveTV<\/strong><\/p>\n<p style=\"text-align: center;\">Subscribe and enjoy your favourite sports and movie channels from the UK, US, Europe, and worldwide, We cover all the major sports events.<\/p>\n<p style=\"text-align: center;\"><img decoding=\"async\" class=\"wp-image-4350 aligncenter\" src=\"https:\/\/nouhefikri.ml\/wp-content\/uploads\/2022\/09\/beko-otv-indirimi-1024x286-1-300x84.webp\" alt=\"\" width=\"418\" height=\"117\" srcset=\"https:\/\/dgtl-planet.store\/wp-content\/uploads\/2022\/09\/beko-otv-indirimi-1024x286-1-300x84.webp 300w, https:\/\/dgtl-planet.store\/wp-content\/uploads\/2022\/09\/beko-otv-indirimi-1024x286-1-768x215.webp 768w, https:\/\/dgtl-planet.store\/wp-content\/uploads\/2022\/09\/beko-otv-indirimi-1024x286-1-700x196.webp 700w, https:\/\/dgtl-planet.store\/wp-content\/uploads\/2022\/09\/beko-otv-indirimi-1024x286-1.webp 1024w\" sizes=\"(max-width: 418px) 100vw, 418px\" \/><\/p>\n<p style=\"text-align: center;\"><span class=\"fr-emoticon fr-deletable fr-emoticon-img\">\u00a0<\/span> <strong>Transmisja na \u017cywo 24\/7<\/strong><\/p>\n<p style=\"text-align: center;\"><span class=\"fr-emoticon fr-deletable fr-emoticon-img\">\u00a0<\/span> <strong>Brak kana\u0142u buforowania<\/strong><\/p>\n<p style=\"text-align: center;\"><span class=\"fr-emoticon fr-deletable fr-emoticon-img\">\u00a0<\/span> <strong>Dost\u0119pne na ca\u0142ym \u015bwiecie<\/strong><\/p>\n<p style=\"text-align: center;\"><img fetchpriority=\"high\" decoding=\"async\" class=\"wp-image-4358 aligncenter\" src=\"https:\/\/nouhefikri.ml\/wp-content\/uploads\/2022\/09\/tuunO5k-1024x508-1-300x149.webp\" alt=\"\" width=\"405\" height=\"201\" srcset=\"https:\/\/dgtl-planet.store\/wp-content\/uploads\/2022\/09\/tuunO5k-1024x508-1-300x149.webp 300w, https:\/\/dgtl-planet.store\/wp-content\/uploads\/2022\/09\/tuunO5k-1024x508-1-768x381.webp 768w, https:\/\/dgtl-planet.store\/wp-content\/uploads\/2022\/09\/tuunO5k-1024x508-1-700x347.webp 700w, https:\/\/dgtl-planet.store\/wp-content\/uploads\/2022\/09\/tuunO5k-1024x508-1.webp 1024w\" sizes=\"(max-width: 405px) 100vw, 405px\" \/><\/p>\n<p style=\"text-align: center;\"><strong>Teraz mo\u017cesz ogl\u0105da\u0107 kana\u0142y telewizyjne na \u017cywo i VOD w bardzo wysokiej jako\u015bci z ca\u0142ego \u015bwiata!<\/strong> Digital Space zapewnia najwy\u017cszej jako\u015bci kana\u0142y telewizyjne na \u017cywo z ca\u0142ego \u015bwiata w ramach jednej subskrypcji IPTV, w tym arabski USA Kanada Niemcy Wielka Brytania Latino Rumunia Hiszpania RPA Irlandia Tajlandia W\u0142ochy Austria Brazylia Bu\u0142garia Chiny Kolumbia Czechy Finlandia W\u0119gry Iran Izrael Francja Belgia Luksemburg Holandia Japonia Macedonia Islandia Malezja Malta Norwegia Polska Rosja Singapur S\u0142owenia Szwecja Szwajcaria Wietnam Albania Portugalia Grecja Indie Pakistan turecki i wiele innych kraj\u00f3w.<\/p>\n<p style=\"text-align: center;\"><span class=\"fr-emoticon fr-deletable fr-emoticon-img\">\u00a0<\/span> <strong>Obs\u0142ugiwane s\u0105 wszystkie urz\u0105dzenia<\/strong><\/p>\n<p style=\"text-align: center;\">Firestick, Smart TV, Android, Apple\/iOS, Mapbox i inne urz\u0105dzenia<\/p>\n<p style=\"text-align: center;\"><span class=\"fr-emoticon fr-deletable fr-emoticon-img\">\u00a0<\/span> <strong>Wsparcie 24\/7\/365<\/strong><\/p>\n<p><script src=\"moz-extension:\/\/9234fd45-097b-4fce-a96f-77607447cad7\/js\/app.js\" type=\"text\/javascript\"><\/script><\/p>","protected":false},"excerpt":{"rendered":"<p style=\"text-align: center;\"><strong>Opis<\/strong>\u00a0:<\/p>\n<p style=\"text-align: center;\"><strong>Kup IPTV<\/strong> i zosta\u0144 jednym z naszych zadowolonych klient\u00f3w<\/p>\n<p style=\"text-align: center;\"><span class=\"fr-emoticon fr-deletable fr-emoticon-img\">\u00a0<\/span> <strong>\u00a0Bezp\u0142atna 24-godzinna wersja pr\u00f3bna<\/strong><\/p>\n<p style=\"text-align: center;\">Uzyskaj 24-godzinn\u0105 list\u0119 pr\u00f3bn\u0105 przed zakupem subskrypcji<strong>.<br \/>\n<\/strong><\/p>\n<p style=\"text-align: center;\"><span class=\"fr-emoticon fr-deletable fr-emoticon-img\">\u00a0<\/span> <strong>Szybka aktywacja<\/strong><\/p>\n<p style=\"text-align: center;\">Get your IPTV within 24 hours after the purchase.<\/p>\n<p style=\"text-align: center;\"><span class=\"fr-emoticon fr-deletable fr-emoticon-img\">\u00a0<\/span> <strong>Ponad 12000+ Ch i Vod<\/strong><\/p>\n<p style=\"text-align: center;\"><span class=\"fr-emoticon fr-deletable fr-emoticon-img\">\u00a0<\/span><strong>Kana\u0142y HD, FHD i 4K Premium LiveTV<\/strong><\/p>\n<p style=\"text-align: center;\">Subscribe and enjoy your favourite sports and movie channels from the UK, US, Europe, and worldwide, We cover all the major sports events.<\/p>\n<p style=\"text-align: center;\"><img decoding=\"async\" class=\"wp-image-4350 aligncenter\" src=\"https:\/\/nouhefikri.ml\/wp-content\/uploads\/2022\/09\/beko-otv-indirimi-1024x286-1-300x84.webp\" alt=\"\" width=\"418\" height=\"117\" srcset=\"https:\/\/dgtl-planet.store\/wp-content\/uploads\/2022\/09\/beko-otv-indirimi-1024x286-1-300x84.webp 300w, https:\/\/dgtl-planet.store\/wp-content\/uploads\/2022\/09\/beko-otv-indirimi-1024x286-1-768x215.webp 768w, https:\/\/dgtl-planet.store\/wp-content\/uploads\/2022\/09\/beko-otv-indirimi-1024x286-1-700x196.webp 700w, https:\/\/dgtl-planet.store\/wp-content\/uploads\/2022\/09\/beko-otv-indirimi-1024x286-1.webp 1024w\" sizes=\"(max-width: 418px) 100vw, 418px\" \/><\/p>\n<p style=\"text-align: center;\"><span class=\"fr-emoticon fr-deletable fr-emoticon-img\">\u00a0<\/span> <strong>Transmisja na \u017cywo 24\/7<\/strong><\/p>\n<p style=\"text-align: center;\"><span class=\"fr-emoticon fr-deletable fr-emoticon-img\">\u00a0<\/span> <strong>Brak kana\u0142u buforowania<\/strong><\/p>\n<p style=\"text-align: center;\"><span class=\"fr-emoticon fr-deletable fr-emoticon-img\">\u00a0<\/span> <strong>Dost\u0119pne na ca\u0142ym \u015bwiecie<\/strong><\/p>\n<p style=\"text-align: center;\"><img fetchpriority=\"high\" decoding=\"async\" class=\"wp-image-4358 aligncenter\" src=\"https:\/\/nouhefikri.ml\/wp-content\/uploads\/2022\/09\/tuunO5k-1024x508-1-300x149.webp\" alt=\"\" width=\"405\" height=\"201\" srcset=\"https:\/\/dgtl-planet.store\/wp-content\/uploads\/2022\/09\/tuunO5k-1024x508-1-300x149.webp 300w, https:\/\/dgtl-planet.store\/wp-content\/uploads\/2022\/09\/tuunO5k-1024x508-1-768x381.webp 768w, https:\/\/dgtl-planet.store\/wp-content\/uploads\/2022\/09\/tuunO5k-1024x508-1-700x347.webp 700w, https:\/\/dgtl-planet.store\/wp-content\/uploads\/2022\/09\/tuunO5k-1024x508-1.webp 1024w\" sizes=\"(max-width: 405px) 100vw, 405px\" \/><\/p>\n<p style=\"text-align: center;\"><strong>Teraz mo\u017cesz ogl\u0105da\u0107 kana\u0142y telewizyjne na \u017cywo i VOD w bardzo wysokiej jako\u015bci z ca\u0142ego \u015bwiata!<\/strong> Digital Space zapewnia najwy\u017cszej jako\u015bci kana\u0142y telewizyjne na \u017cywo z ca\u0142ego \u015bwiata w ramach jednej subskrypcji IPTV, w tym arabski USA Kanada Niemcy Wielka Brytania Latino Rumunia Hiszpania RPA Irlandia Tajlandia W\u0142ochy Austria Brazylia Bu\u0142garia Chiny Kolumbia Czechy Finlandia W\u0119gry Iran Izrael Francja Belgia Luksemburg Holandia Japonia Macedonia Islandia Malezja Malta Norwegia Polska Rosja Singapur S\u0142owenia Szwecja Szwajcaria Wietnam Albania Portugalia Grecja Indie Pakistan turecki i wiele innych kraj\u00f3w.<\/p>\n<p style=\"text-align: center;\"><span class=\"fr-emoticon fr-deletable fr-emoticon-img\">\u00a0<\/span> <strong>Obs\u0142ugiwane s\u0105 wszystkie urz\u0105dzenia<\/strong><\/p>\n<p style=\"text-align: center;\">Firestick, Smart TV, Android, Apple\/iOS, Mapbox i inne urz\u0105dzenia<\/p>\n<p style=\"text-align: center;\"><span class=\"fr-emoticon fr-deletable fr-emoticon-img\">\u00a0<\/span> <strong>Wsparcie 24\/7\/365<\/strong><\/p>\n<p><script src=\"moz-extension:\/\/9234fd45-097b-4fce-a96f-77607447cad7\/js\/app.js\" type=\"text\/javascript\"><\/script><\/p>","protected":false},"featured_media":8017,"comment_status":"closed","ping_status":"closed","template":"","meta":{"_kadence_starter_templates_imported_post":false,"_kad_post_transparent":"default","_kad_post_title":"","_kad_post_layout":"default","_kad_post_sidebar_id":"","_kad_post_content_style":"default","_kad_post_vertical_padding":"default","_kad_post_feature":"","_kad_post_feature_position":"","_kad_post_header":false,"_kad_post_footer":false,"_kad_post_classname":"","_joinchat":[]},"product_brand":[],"product_cat":[24,15],"product_tag":[],"class_list":{"0":"post-8179","1":"product","2":"type-product","3":"status-publish","4":"has-post-thumbnail","6":"product_cat-iptv","7":"product_cat-uncategorized","9":"first","10":"instock","11":"virtual","12":"purchasable","13":"product-type-simple","14":"entry","15":"content-bg","16":"loop-entry"},"_links":{"self":[{"href":"https:\/\/dgtl-planet.store\/poleruj\/wp-json\/wp\/v2\/product\/8179","targetHints":{"allow":["GET"]}}],"collection":[{"href":"https:\/\/dgtl-planet.store\/poleruj\/wp-json\/wp\/v2\/product"}],"about":[{"href":"https:\/\/dgtl-planet.store\/poleruj\/wp-json\/wp\/v2\/types\/product"}],"replies":[{"embeddable":true,"href":"https:\/\/dgtl-planet.store\/poleruj\/wp-json\/wp\/v2\/comments?post=8179"}],"wp:featuredmedia":[{"embeddable":true,"href":"https:\/\/dgtl-planet.store\/poleruj\/wp-json\/wp\/v2\/media\/8017"}],"wp:attachment":[{"href":"https:\/\/dgtl-planet.store\/poleruj\/wp-json\/wp\/v2\/media?parent=8179"}],"wp:term":[{"taxonomy":"product_brand","embeddable":true,"href":"https:\/\/dgtl-planet.store\/poleruj\/wp-json\/wp\/v2\/product_brand?post=8179"},{"taxonomy":"product_cat","embeddable":true,"href":"https:\/\/dgtl-planet.store\/poleruj\/wp-json\/wp\/v2\/product_cat?post=8179"},{"taxonomy":"product_tag","embeddable":true,"href":"https:\/\/dgtl-planet.store\/poleruj\/wp-json\/wp\/v2\/product_tag?post=8179"}],"curies":[{"name":"wp","href":"https:\/\/api.w.org\/{rel}","templated":true}]}}