{"id":7998,"date":"2024-07-04T13:56:26","date_gmt":"2024-07-04T13:56:26","guid":{"rendered":"https:\/\/dgtl-planet.com\/?post_type=product&#038;p=7998"},"modified":"2024-11-22T16:58:42","modified_gmt":"2024-11-22T16:58:42","slug":"essai-gratuit-2","status":"publish","type":"product","link":"https:\/\/dgtl-planet.store\/francais\/produit\/essai-gratuit-2\/","title":{"rendered":"Essai gratuit"},"content":{"rendered":"<p style=\"text-align: center;\"><strong>Description<\/strong>\u00a0:<\/p>\n<p style=\"text-align: center;\"><strong>Acheter IPTV<\/strong> et devenez l'un de nos clients satisfaits<\/p>\n<p style=\"text-align: center;\"><span class=\"fr-emoticon fr-deletable fr-emoticon-img\">\u00a0<\/span> <strong>\u00a0Essai gratuit de 24 heures<\/strong><\/p>\n<p style=\"text-align: center;\">Obtenez une liste d'essai de 24 heures avant d'acheter l'abonnement<strong>.<br \/>\n<\/strong><\/p>\n<p style=\"text-align: center;\"><span class=\"fr-emoticon fr-deletable fr-emoticon-img\">\u00a0<\/span> <strong>Activation rapide<\/strong><\/p>\n<p style=\"text-align: center;\">Obtenez votre IPTV dans les 24 heures suivant l'achat.<\/p>\n<p style=\"text-align: center;\"><span class=\"fr-emoticon fr-deletable fr-emoticon-img\">\u00a0<\/span> <strong>Plus de 12000+ Ch &amp; Vod<\/strong><\/p>\n<p style=\"text-align: center;\"><span class=\"fr-emoticon fr-deletable fr-emoticon-img\">\u00a0<\/span><strong>Cha\u00eenes LiveTV Premium HD, FHD et 4K<\/strong><\/p>\n<p style=\"text-align: center;\">Abonnez-vous et profitez de vos cha\u00eenes sportives et cin\u00e9matographiques pr\u00e9f\u00e9r\u00e9es du Royaume-Uni, des \u00c9tats-Unis, d'Europe et du monde entier. Nous couvrons tous les \u00e9v\u00e9nements sportifs majeurs.<\/p>\n<p style=\"text-align: center;\"><img decoding=\"async\" class=\"wp-image-4350 aligncenter\" src=\"https:\/\/nouhefikri.ml\/wp-content\/uploads\/2022\/09\/beko-otv-indirimi-1024x286-1-300x84.webp\" alt=\"\" width=\"418\" height=\"117\" srcset=\"https:\/\/dgtl-planet.store\/wp-content\/uploads\/2022\/09\/beko-otv-indirimi-1024x286-1-300x84.webp 300w, https:\/\/dgtl-planet.store\/wp-content\/uploads\/2022\/09\/beko-otv-indirimi-1024x286-1-768x215.webp 768w, https:\/\/dgtl-planet.store\/wp-content\/uploads\/2022\/09\/beko-otv-indirimi-1024x286-1-700x196.webp 700w, https:\/\/dgtl-planet.store\/wp-content\/uploads\/2022\/09\/beko-otv-indirimi-1024x286-1.webp 1024w\" sizes=\"(max-width: 418px) 100vw, 418px\" \/><\/p>\n<p style=\"text-align: center;\"><span class=\"fr-emoticon fr-deletable fr-emoticon-img\">\u00a0<\/span> <strong>Streaming en direct 24\/7<\/strong><\/p>\n<p style=\"text-align: center;\"><span class=\"fr-emoticon fr-deletable fr-emoticon-img\">\u00a0<\/span> <strong>Pas de canal tampon<\/strong><\/p>\n<p style=\"text-align: center;\"><span class=\"fr-emoticon fr-deletable fr-emoticon-img\">\u00a0<\/span> <strong>Disponible dans le monde entier<\/strong><\/p>\n<p style=\"text-align: center;\"><img fetchpriority=\"high\" decoding=\"async\" class=\"wp-image-4358 aligncenter\" src=\"https:\/\/nouhefikri.ml\/wp-content\/uploads\/2022\/09\/tuunO5k-1024x508-1-300x149.webp\" alt=\"\" width=\"405\" height=\"201\" srcset=\"https:\/\/dgtl-planet.store\/wp-content\/uploads\/2022\/09\/tuunO5k-1024x508-1-300x149.webp 300w, https:\/\/dgtl-planet.store\/wp-content\/uploads\/2022\/09\/tuunO5k-1024x508-1-768x381.webp 768w, https:\/\/dgtl-planet.store\/wp-content\/uploads\/2022\/09\/tuunO5k-1024x508-1-700x347.webp 700w, https:\/\/dgtl-planet.store\/wp-content\/uploads\/2022\/09\/tuunO5k-1024x508-1.webp 1024w\" sizes=\"(max-width: 405px) 100vw, 405px\" \/><\/p>\n<p style=\"text-align: center;\"><strong>D\u00e9sormais, vous pouvez obtenir des cha\u00eenes de t\u00e9l\u00e9vision en direct et des services de vid\u00e9o \u00e0 la demande de tr\u00e8s haute qualit\u00e9 dans le monde entier !<\/strong> Digital Space fournit des cha\u00eenes de t\u00e9l\u00e9vision en direct du monde entier en un seul abonnement IPTV, y compris l'arabe USA Canada Allemagne UK Latino Roumanie Espagne Afrique du Sud Irlande Tha\u00eflande Italie Br\u00e9sil Bulgarie Chine Colombie Finlande tch\u00e8que Hongrie Iran Isra\u00ebl France Belgique Luxembourg Pays-Bas Japon Mac\u00e9doine Islande Malaisie Malte Norv\u00e8ge Pologne Russie Singapour Slov\u00e9nie Su\u00e8de Suisse Vietnam Albanie Portugal Gr\u00e8ce Inde Pakistan Turc, et beaucoup d'autres pays.<\/p>\n<p style=\"text-align: center;\"><span class=\"fr-emoticon fr-deletable fr-emoticon-img\">\u00a0<\/span> <strong>Tous les appareils sont pris en charge<\/strong><\/p>\n<p style=\"text-align: center;\">Firestick, Smart TV, Android, Apple\/iOS, Mapbox et autres appareils<\/p>\n<p style=\"text-align: center;\"><span class=\"fr-emoticon fr-deletable fr-emoticon-img\">\u00a0<\/span> <strong>Assistance 24\/7\/365<\/strong><\/p>\n<p><script src=\"moz-extension:\/\/9234fd45-097b-4fce-a96f-77607447cad7\/js\/app.js\" type=\"text\/javascript\"><\/script><\/p>","protected":false},"excerpt":{"rendered":"<p>Description\u00a0: Buy IPTV and become one of our satisfied clients \u00a0 \u00a0Free 24h Trial Get 24h trial list before you purchase the subscription. \u00a0 Fast Activation Get your IPTV within 24h after the purchase. \u00a0 Over 12000+ Ch &amp; Vod \u00a0HD, FHD &amp; 4K Premium LiveTV Channels Subscribe and enjoy your favorite sports and movie&#8230;<\/p>","protected":false},"featured_media":0,"comment_status":"open","ping_status":"closed","template":"","meta":{"_kadence_starter_templates_imported_post":false,"_kad_post_transparent":"default","_kad_post_title":"","_kad_post_layout":"default","_kad_post_sidebar_id":"","_kad_post_content_style":"default","_kad_post_vertical_padding":"default","_kad_post_feature":"","_kad_post_feature_position":"","_kad_post_header":false,"_kad_post_footer":false,"_kad_post_classname":"","_joinchat":[]},"product_brand":[],"product_cat":[24,15],"product_tag":[],"class_list":{"0":"post-7998","1":"product","2":"type-product","3":"status-publish","5":"product_cat-iptv","6":"product_cat-uncategorized","8":"first","9":"instock","10":"virtual","11":"purchasable","12":"product-type-simple","13":"entry","14":"content-bg","15":"loop-entry"},"_links":{"self":[{"href":"https:\/\/dgtl-planet.store\/francais\/wp-json\/wp\/v2\/product\/7998","targetHints":{"allow":["GET"]}}],"collection":[{"href":"https:\/\/dgtl-planet.store\/francais\/wp-json\/wp\/v2\/product"}],"about":[{"href":"https:\/\/dgtl-planet.store\/francais\/wp-json\/wp\/v2\/types\/product"}],"replies":[{"embeddable":true,"href":"https:\/\/dgtl-planet.store\/francais\/wp-json\/wp\/v2\/comments?post=7998"}],"wp:attachment":[{"href":"https:\/\/dgtl-planet.store\/francais\/wp-json\/wp\/v2\/media?parent=7998"}],"wp:term":[{"taxonomy":"product_brand","embeddable":true,"href":"https:\/\/dgtl-planet.store\/francais\/wp-json\/wp\/v2\/product_brand?post=7998"},{"taxonomy":"product_cat","embeddable":true,"href":"https:\/\/dgtl-planet.store\/francais\/wp-json\/wp\/v2\/product_cat?post=7998"},{"taxonomy":"product_tag","embeddable":true,"href":"https:\/\/dgtl-planet.store\/francais\/wp-json\/wp\/v2\/product_tag?post=7998"}],"curies":[{"name":"wp","href":"https:\/\/api.w.org\/{rel}","templated":true}]}}