{"id":6460,"date":"2023-06-23T11:57:55","date_gmt":"2023-06-23T11:57:55","guid":{"rendered":"https:\/\/dgtl-planet.com\/?page_id=6460"},"modified":"2024-04-16T14:35:11","modified_gmt":"2024-04-16T14:35:11","slug":"fenetres","status":"publish","type":"page","link":"https:\/\/dgtl-planet.store\/francais\/fenetres\/","title":{"rendered":"fen\u00eatres"},"content":{"rendered":"<div data-elementor-type=\"wp-page\" data-elementor-id=\"6460\" class=\"elementor elementor-6460\" data-elementor-post-type=\"page\">\n\t\t\t\t\t\t<section class=\"elementor-section elementor-top-section elementor-element elementor-element-9cfe574 elementor-section-boxed elementor-section-height-default elementor-section-height-default\" data-id=\"9cfe574\" data-element_type=\"section\" data-e-type=\"section\">\n\t\t\t\t\t\t<div class=\"elementor-container elementor-column-gap-default\">\n\t\t\t\t\t<div class=\"elementor-column elementor-col-100 elementor-top-column elementor-element elementor-element-3d24c87\" data-id=\"3d24c87\" data-element_type=\"column\" data-e-type=\"column\">\n\t\t\t<div class=\"elementor-widget-wrap elementor-element-populated\">\n\t\t\t\t\t\t<div class=\"elementor-element elementor-element-35f859a elementor-widget elementor-widget-heading\" data-id=\"35f859a\" data-element_type=\"widget\" data-e-type=\"widget\" data-widget_type=\"heading.default\">\n\t\t\t\t\t<h1 class=\"elementor-heading-title elementor-size-default\">Comment installer IPTV Smarters pro sur Windows<\/h1>\t\t\t\t<\/div>\n\t\t\t\t<div class=\"elementor-element elementor-element-b334e5c elementor-widget elementor-widget-heading\" data-id=\"b334e5c\" data-element_type=\"widget\" data-e-type=\"widget\" data-widget_type=\"heading.default\">\n\t\t\t\t\t<h2 class=\"elementor-heading-title elementor-size-default\">Comment installer IPTV Smarters pro sur Windows ?<\/h2>\t\t\t\t<\/div>\n\t\t\t\t<div class=\"elementor-element elementor-element-ccc9a24 elementor-widget elementor-widget-text-editor\" data-id=\"ccc9a24\" data-element_type=\"widget\" data-e-type=\"widget\" data-widget_type=\"text-editor.default\">\n\t\t\t\t\t\t\t\t\t<div class=\"elementor-element elementor-element-1a8a854 elementor-widget elementor-widget-heading\" style=\"flex-basis: var(--flex-basis); flex-grow: var(--flex-grow); flex-shrink: var(--flex-shrink); order: var(--order); align-self: var(--align-self); flex-direction: var(--flex-direction); flex-wrap: var(--flex-wrap); justify-content: var(--justify-content); align-items: var(--align-items); align-content: var(--align-content); gap: var(--gap); --swiper-theme-color: #000; --swiper-navigation-size: 44px; --swiper-pagination-bullet-size: 6px; --swiper-pagination-bullet-horizontal-gap: 6px; --widgets-spacing: 20px; width: 1120px; text-align: center; color: #212529; font-family: -apple-system, BlinkMacSystemFont, 'Segoe UI', Roboto, 'Helvetica Neue', Arial, 'Noto Sans', sans-serif, 'Apple Color Emoji', 'Segoe UI Emoji', 'Segoe UI Symbol', 'Noto Color Emoji';\" data-id=\"1a8a854\" data-element_type=\"widget\" data-widget_type=\"heading.default\"><div class=\"elementor-widget-container\" style=\"transition: background .3s,border .3s,border-radius .3s,box-shadow .3s,transform var(--e-transform-transition-duration,.4s);\"><p class=\"elementor-heading-title elementor-size-medium\" style=\"margin-bottom: 0px; font-family: Roboto, sans-serif; font-weight: 400; color: #000000; word-break: break-word;\"><span style=\"color: #003300;\">1. allez sur le moteur de recherche et tapez \"IPTV Smarters Pro\".<\/span><br \/><br \/><span style=\"color: #003300;\">2. ouvrir le site web<\/span><\/p><\/div><\/div><div class=\"elementor-widget-container\" style=\"transition: background .3s,border .3s,border-radius .3s,box-shadow .3s,transform var(--e-transform-transition-duration,.4s);\"><p style=\"margin-bottom: 1rem; font-family: inherit; font-size: inherit; line-height: inherit; color: inherit; font-weight: inherit; text-align: center;\"><span style=\"color: #003300;\"><a style=\"color: #003300; font-family: Roboto; font-size: 17px;\" href=\"https:\/\/www.iptvsmarters.com\/\">https:\/\/www.iptvsmarters.com<\/a><\/span><\/p><\/div><div class=\"elementor-element elementor-element-f65689f elementor-widget elementor-widget-heading\" style=\"flex-basis: var(--flex-basis); flex-grow: var(--flex-grow); flex-shrink: var(--flex-shrink); order: var(--order); align-self: var(--align-self); flex-direction: var(--flex-direction); flex-wrap: var(--flex-wrap); justify-content: var(--justify-content); align-items: var(--align-items); align-content: var(--align-content); gap: var(--gap); --swiper-theme-color: #000; --swiper-navigation-size: 44px; --swiper-pagination-bullet-size: 6px; --swiper-pagination-bullet-horizontal-gap: 6px; --widgets-spacing: 20px; width: 1120px; margin-bottom: 20px; text-align: center; color: #212529; font-family: -apple-system, BlinkMacSystemFont, 'Segoe UI', Roboto, 'Helvetica Neue', Arial, 'Noto Sans', sans-serif, 'Apple Color Emoji', 'Segoe UI Emoji', 'Segoe UI Symbol', 'Noto Color Emoji';\" data-id=\"f65689f\" data-element_type=\"widget\" data-widget_type=\"heading.default\"><div class=\"elementor-widget-container\" style=\"transition: background .3s,border .3s,border-radius .3s,box-shadow .3s,transform var(--e-transform-transition-duration,.4s);\"><p class=\"elementor-heading-title elementor-size-medium\" style=\"margin-bottom: 0px; font-family: Roboto, sans-serif; font-weight: 400; color: #000000; word-break: break-word;\"><span style=\"color: #003300;\">3. s\u00e9lectionnez T\u00e9l\u00e9chargements dans le menu<\/span><br \/><span style=\"color: #003300;\">4.<\/span><\/p><\/div><\/div>\t\t\t\t\t\t\t\t<\/div>\n\t\t\t\t<div class=\"elementor-element elementor-element-4b7fcba elementor-widget elementor-widget-image\" data-id=\"4b7fcba\" data-element_type=\"widget\" data-e-type=\"widget\" data-widget_type=\"image.default\">\n\t\t\t\t\t\t\t\t\t\t\t\t\t\t\t<img fetchpriority=\"high\" decoding=\"async\" width=\"1019\" height=\"451\" src=\"https:\/\/dgtl-planet.store\/wp-content\/uploads\/2023\/06\/image_2023-03-31_134855916.png\" class=\"attachment-large size-large wp-image-6462\" alt=\"\" srcset=\"https:\/\/dgtl-planet.store\/wp-content\/uploads\/2023\/06\/image_2023-03-31_134855916.png 1019w, https:\/\/dgtl-planet.store\/wp-content\/uploads\/2023\/06\/image_2023-03-31_134855916-300x133.png 300w, https:\/\/dgtl-planet.store\/wp-content\/uploads\/2023\/06\/image_2023-03-31_134855916-768x340.png 768w\" sizes=\"(max-width: 1019px) 100vw, 1019px\" \/>\t\t\t\t\t\t\t\t\t\t\t\t\t\t\t<\/div>\n\t\t\t\t<div class=\"elementor-element elementor-element-a88c97a elementor-widget elementor-widget-text-editor\" data-id=\"a88c97a\" data-element_type=\"widget\" data-e-type=\"widget\" data-widget_type=\"text-editor.default\">\n\t\t\t\t\t\t\t\t\t<p class=\"elementor-heading-title elementor-size-medium\" style=\"text-align: center;\"><span style=\"color: #003300;\">5. t\u00e9l\u00e9chargez la nouvelle version d'IPTV Smarters Pro.<\/span><br \/><span style=\"color: #003300;\">6.<\/span><\/p>\t\t\t\t\t\t\t\t<\/div>\n\t\t\t\t<div class=\"elementor-element elementor-element-bdb8400 elementor-widget elementor-widget-image\" data-id=\"bdb8400\" data-element_type=\"widget\" data-e-type=\"widget\" data-widget_type=\"image.default\">\n\t\t\t\t\t\t\t\t\t\t\t\t\t\t\t<img decoding=\"async\" width=\"1014\" height=\"456\" src=\"https:\/\/dgtl-planet.store\/wp-content\/uploads\/2023\/06\/image_2023-03-31_135343360.png\" class=\"attachment-large size-large wp-image-6463\" alt=\"\" srcset=\"https:\/\/dgtl-planet.store\/wp-content\/uploads\/2023\/06\/image_2023-03-31_135343360.png 1014w, https:\/\/dgtl-planet.store\/wp-content\/uploads\/2023\/06\/image_2023-03-31_135343360-300x135.png 300w, https:\/\/dgtl-planet.store\/wp-content\/uploads\/2023\/06\/image_2023-03-31_135343360-768x345.png 768w\" sizes=\"(max-width: 1014px) 100vw, 1014px\" \/>\t\t\t\t\t\t\t\t\t\t\t\t\t\t\t<\/div>\n\t\t\t\t<div class=\"elementor-element elementor-element-d49357d elementor-widget elementor-widget-text-editor\" data-id=\"d49357d\" data-element_type=\"widget\" data-e-type=\"widget\" data-widget_type=\"text-editor.default\">\n\t\t\t\t\t\t\t\t\t<p class=\"elementor-heading-title elementor-size-medium\" style=\"text-align: center;\"><span style=\"color: #003300;\">7. une fois le t\u00e9l\u00e9chargement du fichier termin\u00e9, cliquez sur le fichier ex\u00e9cutable<\/span><br \/><br \/><span style=\"color: #003300;\">8. Windows vous demandera l'autorisation d'ouvrir ce fichier. S\u00e9lectionnez \"Oui\"<\/span><br \/><br \/><span style=\"color: #003300;\">9. le fichier va maintenant commencer le processus d'installation. Cela devrait prendre entre une et deux minutes<\/span><br \/><span style=\"color: #003300;\">10. une fois l'installation termin\u00e9e, d\u00e9marrez le programme IPTV Smarters. Cliquez sur Add New User et s\u00e9lectionnez Login with Xtream Codes API, ajoutez vos donn\u00e9es de connexion (nom d'utilisateur, mot de passe et URL du portail) pour votre service IPTV.<\/span><br \/><br \/><span style=\"color: #003300;\">11.vous \u00eates maintenant pr\u00eat \u00e0 regarder du contenu sur IPTV Smarters Pro !<\/span><\/p>\t\t\t\t\t\t\t\t<\/div>\n\t\t\t\t\t<\/div>\n\t\t<\/div>\n\t\t\t\t\t<\/div>\n\t\t<\/section>\n\t\t\t\t<\/div>","protected":false},"excerpt":{"rendered":"<p>Comment installer IPTV Smarters pro sur Windows Comment installer IPTV Smarters pro sur Windows ? 1. allez sur le moteur de recherche et tapez \"IPTV Smarters Pro\". 2.puis ouvrez le site web https:\/\/www.iptvsmarters.com 3.s\u00e9lectionnez T\u00e9l\u00e9chargements dans le menu4. 5.t\u00e9l\u00e9chargez la nouvelle version de IPTV Smarters Pro.6. 7.une fois le t\u00e9l\u00e9chargement du fichier termin\u00e9, cliquez sur l'ex\u00e9cutable...<\/p>","protected":false},"author":1,"featured_media":0,"parent":0,"menu_order":0,"comment_status":"closed","ping_status":"closed","template":"","meta":{"_kadence_starter_templates_imported_post":false,"_kad_post_transparent":"","_kad_post_title":"hide","_kad_post_layout":"fullwidth","_kad_post_sidebar_id":"","_kad_post_content_style":"unboxed","_kad_post_vertical_padding":"hide","_kad_post_feature":"hide","_kad_post_feature_position":"","_kad_post_header":false,"_kad_post_footer":false,"_kad_post_classname":"","_joinchat":[],"footnotes":""},"class_list":["post-6460","page","type-page","status-publish","hentry"],"_links":{"self":[{"href":"https:\/\/dgtl-planet.store\/francais\/wp-json\/wp\/v2\/pages\/6460","targetHints":{"allow":["GET"]}}],"collection":[{"href":"https:\/\/dgtl-planet.store\/francais\/wp-json\/wp\/v2\/pages"}],"about":[{"href":"https:\/\/dgtl-planet.store\/francais\/wp-json\/wp\/v2\/types\/page"}],"author":[{"embeddable":true,"href":"https:\/\/dgtl-planet.store\/francais\/wp-json\/wp\/v2\/users\/1"}],"replies":[{"embeddable":true,"href":"https:\/\/dgtl-planet.store\/francais\/wp-json\/wp\/v2\/comments?post=6460"}],"version-history":[{"count":8,"href":"https:\/\/dgtl-planet.store\/francais\/wp-json\/wp\/v2\/pages\/6460\/revisions"}],"predecessor-version":[{"id":6470,"href":"https:\/\/dgtl-planet.store\/francais\/wp-json\/wp\/v2\/pages\/6460\/revisions\/6470"}],"wp:attachment":[{"href":"https:\/\/dgtl-planet.store\/francais\/wp-json\/wp\/v2\/media?parent=6460"}],"curies":[{"name":"wp","href":"https:\/\/api.w.org\/{rel}","templated":true}]}}