{"id":6522,"date":"2023-06-25T10:56:34","date_gmt":"2023-06-25T10:56:34","guid":{"rendered":"https:\/\/dgtl-planet.com\/?page_id=6522"},"modified":"2023-09-23T10:41:58","modified_gmt":"2023-09-23T10:41:58","slug":"enigma-2","status":"publish","type":"page","link":"https:\/\/dgtl-planet.store\/espanol\/enigma-2\/","title":{"rendered":"ENIGMA 2"},"content":{"rendered":"<div data-elementor-type=\"wp-page\" data-elementor-id=\"6522\" class=\"elementor elementor-6522\" data-elementor-post-type=\"page\">\n\t\t\t\t\t\t<section class=\"elementor-section elementor-top-section elementor-element elementor-element-468950f elementor-section-boxed elementor-section-height-default elementor-section-height-default\" data-id=\"468950f\" data-element_type=\"section\" data-e-type=\"section\">\n\t\t\t\t\t\t<div class=\"elementor-container elementor-column-gap-default\">\n\t\t\t\t\t<div class=\"elementor-column elementor-col-100 elementor-top-column elementor-element elementor-element-313ddc7\" data-id=\"313ddc7\" data-element_type=\"column\" data-e-type=\"column\">\n\t\t\t<div class=\"elementor-widget-wrap elementor-element-populated\">\n\t\t\t\t\t\t<div class=\"elementor-element elementor-element-85784c9 elementor-widget elementor-widget-heading\" data-id=\"85784c9\" data-element_type=\"widget\" data-e-type=\"widget\" data-widget_type=\"heading.default\">\n\t\t\t\t\t<h1 class=\"elementor-heading-title elementor-size-default\">C\u00f3mo instalar ( IPTV.SH ) en ENIGMA 2<\/h1>\t\t\t\t<\/div>\n\t\t\t\t<div class=\"elementor-element elementor-element-0ff252f elementor-widget elementor-widget-text-editor\" data-id=\"0ff252f\" data-element_type=\"widget\" data-e-type=\"widget\" data-widget_type=\"text-editor.default\">\n\t\t\t\t\t\t\t\t\t<div class=\"elementor-element elementor-element-631633a elementor-widget elementor-widget-heading\" style=\"flex-basis: var(--flex-basis); flex-grow: var(--flex-grow); flex-shrink: var(--flex-shrink); order: var(--order); align-self: var(--align-self); flex-direction: var(--flex-direction); flex-wrap: var(--flex-wrap); justify-content: var(--justify-content); align-items: var(--align-items); align-content: var(--align-content); gap: var(--gap); --swiper-theme-color: #000; --swiper-navigation-size: 44px; --swiper-pagination-bullet-size: 6px; --swiper-pagination-bullet-horizontal-gap: 6px; --widgets-spacing: 20px; width: 1120px; text-align: center; color: #212529; font-family: -apple-system, BlinkMacSystemFont, 'Segoe UI', Roboto, 'Helvetica Neue', Arial, 'Noto Sans', sans-serif, 'Apple Color Emoji', 'Segoe UI Emoji', 'Segoe UI Symbol', 'Noto Color Emoji';\" data-id=\"631633a\" data-element_type=\"widget\" data-widget_type=\"heading.default\"><div class=\"elementor-widget-container\" style=\"transition: background .3s,border .3s,border-radius .3s,box-shadow .3s,transform var(--e-transform-transition-duration,.4s);\"><h1 class=\"elementor-heading-title elementor-size-medium\" style=\"margin-bottom: 0px; font-family: Roboto, sans-serif; font-weight: 400; color: #000000; word-break: break-word;\">1. Estas son las instrucciones para la instalaci\u00f3n de Enigma 2\/Linux, necesitas instalar putty para usarlo.<\/h1><\/div><\/div><div class=\"elementor-element elementor-element-91e8147 elementor-widget elementor-widget-heading\" style=\"flex-basis: var(--flex-basis); flex-grow: var(--flex-grow); flex-shrink: var(--flex-shrink); order: var(--order); align-self: var(--align-self); flex-direction: var(--flex-direction); flex-wrap: var(--flex-wrap); justify-content: var(--justify-content); align-items: var(--align-items); align-content: var(--align-content); gap: var(--gap); --swiper-theme-color: #000; --swiper-navigation-size: 44px; --swiper-pagination-bullet-size: 6px; --swiper-pagination-bullet-horizontal-gap: 6px; --widgets-spacing: 20px; width: 1120px; text-align: center; color: #212529; font-family: -apple-system, BlinkMacSystemFont, 'Segoe UI', Roboto, 'Helvetica Neue', Arial, 'Noto Sans', sans-serif, 'Apple Color Emoji', 'Segoe UI Emoji', 'Segoe UI Symbol', 'Noto Color Emoji';\" data-id=\"91e8147\" data-element_type=\"widget\" data-widget_type=\"heading.default\"><div class=\"elementor-widget-container\" style=\"transition: background .3s,border .3s,border-radius .3s,box-shadow .3s,transform var(--e-transform-transition-duration,.4s);\"><h1 class=\"elementor-heading-title elementor-size-medium\" style=\"margin-bottom: 0px; font-family: Roboto, sans-serif; font-weight: 400; color: #595fd0; word-break: break-word;\">Configuraci\u00f3n &gt; Configuraci\u00f3n &gt; Dispositivo de red del sistema &gt; Adaptador de configuraci\u00f3n &gt; Configuraci\u00f3n<\/h1><\/div><\/div><div class=\"elementor-element elementor-element-57515c0 elementor-widget elementor-widget-heading\" style=\"flex-basis: var(--flex-basis); flex-grow: var(--flex-grow); flex-shrink: var(--flex-shrink); order: var(--order); align-self: var(--align-self); flex-direction: var(--flex-direction); flex-wrap: var(--flex-wrap); justify-content: var(--justify-content); align-items: var(--align-items); align-content: var(--align-content); gap: var(--gap); --swiper-theme-color: #000; --swiper-navigation-size: 44px; --swiper-pagination-bullet-size: 6px; --swiper-pagination-bullet-horizontal-gap: 6px; --widgets-spacing: 20px; width: 1120px; text-align: center; color: #212529; font-family: -apple-system, BlinkMacSystemFont, 'Segoe UI', Roboto, 'Helvetica Neue', Arial, 'Noto Sans', sans-serif, 'Apple Color Emoji', 'Segoe UI Emoji', 'Segoe UI Symbol', 'Noto Color Emoji';\" data-id=\"57515c0\" data-element_type=\"widget\" data-widget_type=\"heading.default\"><div class=\"elementor-widget-container\" style=\"transition: background .3s,border .3s,border-radius .3s,box-shadow .3s,transform var(--e-transform-transition-duration,.4s);\"><h1 class=\"elementor-heading-title elementor-size-medium\" style=\"margin-bottom: 0px; font-family: Roboto, sans-serif; font-weight: 400; color: #000000; word-break: break-word;\">Y obtener su direcci\u00f3n IP comienza con 192.168....<\/h1><p>2. Vaya a su PC con Windows y descargue el software Putty.<\/p><p>3. Abrir masilla<\/p><p>4. A\u00f1ada la direcci\u00f3n IP de su dispositivo.<\/p><p>5. A\u00f1adir puerto 23<\/p><p>6. Haga clic en abrir<\/p><p>7. Su nombre de usuario y contrase\u00f1a por defecto son root<\/p><p>8. Copie su l\u00ednea ( la obtendr\u00e1 despu\u00e9s de solicitar su suscripci\u00f3n )<\/p><\/div><\/div><div class=\"elementor-element elementor-element-d45a99d elementor-widget elementor-widget-text-editor\" style=\"flex-basis: var(--flex-basis); flex-grow: var(--flex-grow); flex-shrink: var(--flex-shrink); order: var(--order); align-self: var(--align-self); flex-direction: var(--flex-direction); flex-wrap: var(--flex-wrap); justify-content: var(--justify-content); align-items: var(--align-items); align-content: var(--align-content); gap: var(--gap); --swiper-theme-color: #000; --swiper-navigation-size: 44px; --swiper-pagination-bullet-size: 6px; --swiper-pagination-bullet-horizontal-gap: 6px; --widgets-spacing: 20px; color: #56a7ef; font-family: var( --e-global-typography-text-font-family ), Sans-serif; font-weight: 400; width: 1120px; text-align: center;\" data-id=\"d45a99d\" data-element_type=\"widget\" data-widget_type=\"text-editor.default\"><div class=\"elementor-widget-container\" style=\"transition: background .3s,border .3s,border-radius .3s,box-shadow .3s,transform var(--e-transform-transition-duration,.4s);\"><p style=\"margin-bottom: 1rem; font-family: inherit; font-size: inherit; line-height: inherit; color: inherit; font-weight: inherit;\">wget -O \/etc\/enigma2\/iptv.sh \"su enlace m3u\" &amp;&amp; chmod 777 \/etc\/enigma2\/iptv.sh &amp;&amp; \/etc\/enigma2\/iptv.sh<\/p><\/div><\/div><div class=\"elementor-element elementor-element-9023d26 elementor-widget elementor-widget-heading\" style=\"flex-basis: var(--flex-basis); flex-grow: var(--flex-grow); flex-shrink: var(--flex-shrink); order: var(--order); align-self: var(--align-self); flex-direction: var(--flex-direction); flex-wrap: var(--flex-wrap); justify-content: var(--justify-content); align-items: var(--align-items); align-content: var(--align-content); gap: var(--gap); --swiper-theme-color: #000; --swiper-navigation-size: 44px; --swiper-pagination-bullet-size: 6px; --swiper-pagination-bullet-horizontal-gap: 6px; --widgets-spacing: 20px; width: 1120px; margin-bottom: 20px; text-align: center; color: #212529; font-family: -apple-system, BlinkMacSystemFont, 'Segoe UI', Roboto, 'Helvetica Neue', Arial, 'Noto Sans', sans-serif, 'Apple Color Emoji', 'Segoe UI Emoji', 'Segoe UI Symbol', 'Noto Color Emoji';\" data-id=\"9023d26\" data-element_type=\"widget\" data-widget_type=\"heading.default\"><div class=\"elementor-widget-container\" style=\"transition: background .3s,border .3s,border-radius .3s,box-shadow .3s,transform var(--e-transform-transition-duration,.4s);\"><h1 class=\"elementor-heading-title elementor-size-medium\" style=\"margin-bottom: 0px; font-family: Roboto, sans-serif; font-weight: 400; color: #000000; word-break: break-word;\">9. BOT\u00d3N DERECHO DEL RAT\u00d3N despu\u00e9s de introducir su l\u00ednea pulse ENTER<\/h1><p>10. Escriba reboot y su dispositivo se reiniciar\u00e1.<\/p><\/div><\/div>\t\t\t\t\t\t\t\t<\/div>\n\t\t\t\t\t<\/div>\n\t\t<\/div>\n\t\t\t\t\t<\/div>\n\t\t<\/section>\n\t\t\t\t<\/div>","protected":false},"excerpt":{"rendered":"<p>Como Instalar ( IPTV.SH ) En ENIGMA 2 1. Estas son las instrucciones para la instalaci\u00f3n de Enigma 2\/ Linux, necesita instalar putty para usarlo. Settings &gt; Setup &gt; System Network Device &gt; Setup Adapter &gt; Settings Y obtenga su direcci\u00f3n IP que comienza con 192.168.... 2. Ir a su PC con Windows y...<\/p>","protected":false},"author":1,"featured_media":0,"parent":0,"menu_order":0,"comment_status":"closed","ping_status":"closed","template":"","meta":{"_kadence_starter_templates_imported_post":false,"_kad_post_transparent":"","_kad_post_title":"hide","_kad_post_layout":"fullwidth","_kad_post_sidebar_id":"","_kad_post_content_style":"unboxed","_kad_post_vertical_padding":"hide","_kad_post_feature":"hide","_kad_post_feature_position":"","_kad_post_header":false,"_kad_post_footer":false,"_kad_post_classname":"","_joinchat":[],"footnotes":""},"class_list":["post-6522","page","type-page","status-publish","hentry"],"_links":{"self":[{"href":"https:\/\/dgtl-planet.store\/espanol\/wp-json\/wp\/v2\/pages\/6522","targetHints":{"allow":["GET"]}}],"collection":[{"href":"https:\/\/dgtl-planet.store\/espanol\/wp-json\/wp\/v2\/pages"}],"about":[{"href":"https:\/\/dgtl-planet.store\/espanol\/wp-json\/wp\/v2\/types\/page"}],"author":[{"embeddable":true,"href":"https:\/\/dgtl-planet.store\/espanol\/wp-json\/wp\/v2\/users\/1"}],"replies":[{"embeddable":true,"href":"https:\/\/dgtl-planet.store\/espanol\/wp-json\/wp\/v2\/comments?post=6522"}],"version-history":[{"count":10,"href":"https:\/\/dgtl-planet.store\/espanol\/wp-json\/wp\/v2\/pages\/6522\/revisions"}],"predecessor-version":[{"id":6894,"href":"https:\/\/dgtl-planet.store\/espanol\/wp-json\/wp\/v2\/pages\/6522\/revisions\/6894"}],"wp:attachment":[{"href":"https:\/\/dgtl-planet.store\/espanol\/wp-json\/wp\/v2\/media?parent=6522"}],"curies":[{"name":"wp","href":"https:\/\/api.w.org\/{rel}","templated":true}]}}