{"id":6485,"date":"2023-06-24T10:51:59","date_gmt":"2023-06-24T10:51:59","guid":{"rendered":"https:\/\/dgtl-planet.com\/?page_id=6485"},"modified":"2023-06-24T11:03:18","modified_gmt":"2023-06-24T11:03:18","slug":"magbox","status":"publish","type":"page","link":"https:\/\/dgtl-planet.store\/espanol\/magbox\/","title":{"rendered":"MAGBOX"},"content":{"rendered":"<div data-elementor-type=\"wp-page\" data-elementor-id=\"6485\" class=\"elementor elementor-6485\" data-elementor-post-type=\"page\">\n\t\t\t\t\t\t<section class=\"elementor-section elementor-top-section elementor-element elementor-element-4a30ef8 elementor-section-boxed elementor-section-height-default elementor-section-height-default\" data-id=\"4a30ef8\" data-element_type=\"section\" data-e-type=\"section\">\n\t\t\t\t\t\t<div class=\"elementor-container elementor-column-gap-default\">\n\t\t\t\t\t<div class=\"elementor-column elementor-col-100 elementor-top-column elementor-element elementor-element-9e07b4c\" data-id=\"9e07b4c\" data-element_type=\"column\" data-e-type=\"column\">\n\t\t\t<div class=\"elementor-widget-wrap elementor-element-populated\">\n\t\t\t\t\t\t<div class=\"elementor-element elementor-element-2204d1e elementor-widget elementor-widget-heading\" data-id=\"2204d1e\" data-element_type=\"widget\" data-e-type=\"widget\" data-widget_type=\"heading.default\">\n\t\t\t\t\t<h1 class=\"elementor-heading-title elementor-size-default\">Configurar IPTV en MAG BOX<\/h1>\t\t\t\t<\/div>\n\t\t\t\t<div class=\"elementor-element elementor-element-b4ce1a8 elementor-widget elementor-widget-text-editor\" data-id=\"b4ce1a8\" data-element_type=\"widget\" data-e-type=\"widget\" data-widget_type=\"text-editor.default\">\n\t\t\t\t\t\t\t\t\t<p class=\"elementor-heading-title elementor-size-medium\" style=\"text-align: center;\"><span style=\"color: #003300;\">Este tutorial le guiar\u00e1 a trav\u00e9s de unos sencillos y eficaces pasos de instalaci\u00f3n de su Mag (250\/254\/256...).<\/span><br \/><br \/><span style=\"color: #003300;\"><u>Primer paso<\/u>: Cuando la caja se est\u00e1 cargando, aparece la pantalla principal del portal. A continuaci\u00f3n, haga clic en \"Configuraci\u00f3n\" y pulse el bot\u00f3n<\/span><br \/><span style=\"color: #003300;\">bot\u00f3n del mando a distancia \"SETUP\/SET\".<\/span><\/p>\t\t\t\t\t\t\t\t<\/div>\n\t\t\t\t<div class=\"elementor-element elementor-element-73973ee elementor-widget elementor-widget-image\" data-id=\"73973ee\" data-element_type=\"widget\" data-e-type=\"widget\" data-widget_type=\"image.default\">\n\t\t\t\t\t\t\t\t\t\t\t\t\t\t\t<img fetchpriority=\"high\" decoding=\"async\" width=\"777\" height=\"325\" src=\"https:\/\/dgtl-planet.store\/wp-content\/uploads\/2023\/06\/cvfgfgfgre.png\" class=\"attachment-large size-large wp-image-6487\" alt=\"\" srcset=\"https:\/\/dgtl-planet.store\/wp-content\/uploads\/2023\/06\/cvfgfgfgre.png 777w, https:\/\/dgtl-planet.store\/wp-content\/uploads\/2023\/06\/cvfgfgfgre-300x125.png 300w, https:\/\/dgtl-planet.store\/wp-content\/uploads\/2023\/06\/cvfgfgfgre-768x321.png 768w\" sizes=\"(max-width: 777px) 100vw, 777px\" \/>\t\t\t\t\t\t\t\t\t\t\t\t\t\t\t<\/div>\n\t\t\t\t<div class=\"elementor-element elementor-element-875bded elementor-widget elementor-widget-text-editor\" data-id=\"875bded\" data-element_type=\"widget\" data-e-type=\"widget\" data-widget_type=\"text-editor.default\">\n\t\t\t\t\t\t\t\t\t<p class=\"elementor-heading-title elementor-size-medium\" style=\"text-align: center;\"><span style=\"color: #333300;\"><u>Paso 2<\/u>: A continuaci\u00f3n, pulse en \"Configuraci\u00f3n del sistema\" y haga clic en \"Servidores\".<\/span><\/p>\t\t\t\t\t\t\t\t<\/div>\n\t\t\t\t<div class=\"elementor-element elementor-element-21023e7 elementor-widget elementor-widget-image\" data-id=\"21023e7\" data-element_type=\"widget\" data-e-type=\"widget\" data-widget_type=\"image.default\">\n\t\t\t\t\t\t\t\t\t\t\t\t\t\t\t<img decoding=\"async\" width=\"774\" height=\"406\" src=\"https:\/\/dgtl-planet.store\/wp-content\/uploads\/2023\/06\/C10.png\" class=\"attachment-large size-large wp-image-6488\" alt=\"\" srcset=\"https:\/\/dgtl-planet.store\/wp-content\/uploads\/2023\/06\/C10.png 774w, https:\/\/dgtl-planet.store\/wp-content\/uploads\/2023\/06\/C10-300x157.png 300w, https:\/\/dgtl-planet.store\/wp-content\/uploads\/2023\/06\/C10-768x403.png 768w\" sizes=\"(max-width: 774px) 100vw, 774px\" \/>\t\t\t\t\t\t\t\t\t\t\t\t\t\t\t<\/div>\n\t\t\t\t<div class=\"elementor-element elementor-element-de160ab elementor-widget elementor-widget-text-editor\" data-id=\"de160ab\" data-element_type=\"widget\" data-e-type=\"widget\" data-widget_type=\"text-editor.default\">\n\t\t\t\t\t\t\t\t\t<p class=\"elementor-heading-title elementor-size-medium\" style=\"text-align: center;\"><span style=\"color: #333300;\"><u>Paso 3<\/u>: Haga clic en \"Servidores<\/span><\/p>\t\t\t\t\t\t\t\t<\/div>\n\t\t\t\t<div class=\"elementor-element elementor-element-f3ef30a elementor-widget elementor-widget-image\" data-id=\"f3ef30a\" data-element_type=\"widget\" data-e-type=\"widget\" data-widget_type=\"image.default\">\n\t\t\t\t\t\t\t\t\t\t\t\t\t\t\t<img decoding=\"async\" width=\"769\" height=\"386\" src=\"https:\/\/dgtl-planet.store\/wp-content\/uploads\/2023\/06\/c20-1.png\" class=\"attachment-large size-large wp-image-6491\" alt=\"\" srcset=\"https:\/\/dgtl-planet.store\/wp-content\/uploads\/2023\/06\/c20-1.png 769w, https:\/\/dgtl-planet.store\/wp-content\/uploads\/2023\/06\/c20-1-300x151.png 300w\" sizes=\"(max-width: 769px) 100vw, 769px\" \/>\t\t\t\t\t\t\t\t\t\t\t\t\t\t\t<\/div>\n\t\t\t\t<div class=\"elementor-element elementor-element-380af5c elementor-widget elementor-widget-text-editor\" data-id=\"380af5c\" data-element_type=\"widget\" data-e-type=\"widget\" data-widget_type=\"text-editor.default\">\n\t\t\t\t\t\t\t\t\t<p class=\"elementor-heading-title elementor-size-medium\" style=\"text-align: center;\"><span style=\"color: #333300;\"><u>Paso 4<\/u>: Elija y pulse la opci\u00f3n \"Portales<\/span><\/p>\t\t\t\t\t\t\t\t<\/div>\n\t\t\t\t<div class=\"elementor-element elementor-element-77a60a0 elementor-widget elementor-widget-image\" data-id=\"77a60a0\" data-element_type=\"widget\" data-e-type=\"widget\" data-widget_type=\"image.default\">\n\t\t\t\t\t\t\t\t\t\t\t\t\t\t\t<img loading=\"lazy\" decoding=\"async\" width=\"768\" height=\"404\" src=\"https:\/\/dgtl-planet.store\/wp-content\/uploads\/2023\/06\/c30-1.png\" class=\"attachment-large size-large wp-image-6490\" alt=\"\" srcset=\"https:\/\/dgtl-planet.store\/wp-content\/uploads\/2023\/06\/c30-1.png 768w, https:\/\/dgtl-planet.store\/wp-content\/uploads\/2023\/06\/c30-1-300x158.png 300w\" sizes=\"(max-width: 768px) 100vw, 768px\" \/>\t\t\t\t\t\t\t\t\t\t\t\t\t\t\t<\/div>\n\t\t\t\t<div class=\"elementor-element elementor-element-18c8d1c elementor-widget elementor-widget-text-editor\" data-id=\"18c8d1c\" data-element_type=\"widget\" data-e-type=\"widget\" data-widget_type=\"text-editor.default\">\n\t\t\t\t\t\t\t\t\t<p class=\"elementor-heading-title elementor-size-medium\" style=\"text-align: center;\"><span style=\"color: #333300;\"><u>Paso 5<\/u>: En la l\u00ednea \"Nombre del portal 1\" introduzca un nombre de portal y en \"URL del portal 1\" introduzca la URL del portal.<\/span><\/p>\t\t\t\t\t\t\t\t<\/div>\n\t\t\t\t<div class=\"elementor-element elementor-element-83a7031 elementor-widget elementor-widget-image\" data-id=\"83a7031\" data-element_type=\"widget\" data-e-type=\"widget\" data-widget_type=\"image.default\">\n\t\t\t\t\t\t\t\t\t\t\t\t\t\t\t<img loading=\"lazy\" decoding=\"async\" width=\"704\" height=\"473\" src=\"https:\/\/dgtl-planet.store\/wp-content\/uploads\/2023\/06\/C40.png\" class=\"attachment-large size-large wp-image-6492\" alt=\"\" srcset=\"https:\/\/dgtl-planet.store\/wp-content\/uploads\/2023\/06\/C40.png 704w, https:\/\/dgtl-planet.store\/wp-content\/uploads\/2023\/06\/C40-300x202.png 300w\" sizes=\"(max-width: 704px) 100vw, 704px\" \/>\t\t\t\t\t\t\t\t\t\t\t\t\t\t\t<\/div>\n\t\t\t\t<div class=\"elementor-element elementor-element-2ef842a elementor-widget elementor-widget-text-editor\" data-id=\"2ef842a\" data-element_type=\"widget\" data-e-type=\"widget\" data-widget_type=\"text-editor.default\">\n\t\t\t\t\t\t\t\t\t<div class=\"elementor-element elementor-element-49d3aef elementor-widget elementor-widget-heading\" data-id=\"49d3aef\" data-element_type=\"widget\" data-widget_type=\"heading.default\"><div class=\"elementor-widget-container\" style=\"text-align: center;\"><strong><span style=\"color: #333300;\">Por lo tanto, para la activaci\u00f3n de nuestra suscripci\u00f3n IPTV en su caja MAG, debe enviarnos su direcci\u00f3n MAC que se encuentra en la etiqueta detr\u00e1s de la caja, la activaci\u00f3n se realiza de forma totalmente remota, justo despu\u00e9s de la activaci\u00f3n, le enviaremos un enlace URL que tiene que poner en su PORTAL, como en la foto de abajo:<\/span><\/strong><\/div><\/div><div class=\"elementor-element elementor-element-1ed2884 elementor-widget elementor-widget-heading\" data-id=\"1ed2884\" data-element_type=\"widget\" data-widget_type=\"heading.default\"><div class=\"elementor-widget-container\" style=\"text-align: center;\"><strong><span style=\"color: #333300;\"><u>Paso 6<\/u>\u00a0- Por \u00faltimo, cuando haya terminado, seleccione y haga clic en \"Aceptar\" para guardar los cambios.<\/span><\/strong><\/div><div class=\"elementor-widget-container\" style=\"text-align: center;\"><strong><span style=\"color: #333300;\"><u>Paso 7<\/u>\u00a0- Pulse \"EXIT\" en el mando a distancia una vez guardados los ajustes.<\/span><\/strong><\/div><div class=\"elementor-widget-container\" style=\"text-align: center;\"><strong><span style=\"color: #333300;\"><u>Paso 8<\/u>\u00a0- En consecuencia, deber\u00e1 reiniciar la caja. Elija la opci\u00f3n \"Aceptar\" para que se apliquen los cambios.<\/span><\/strong><\/div><\/div>\t\t\t\t\t\t\t\t<\/div>\n\t\t\t\t\t<\/div>\n\t\t<\/div>\n\t\t\t\t\t<\/div>\n\t\t<\/section>\n\t\t\t\t<\/div>","protected":false},"excerpt":{"rendered":"<p>Configurar IPTV en MAG BOX Este tutorial le guiar\u00e1 a trav\u00e9s de unos sencillos y eficaces pasos de instalaci\u00f3n de su Mag (250\/254\/256...). Paso 1: Cuando la caja se est\u00e1 cargando aparece la pantalla principal del portal. A continuaci\u00f3n, haga clic en \"Configuraci\u00f3n\" y pulse el bot\u00f3n remoto \"SETUP\/SET\". Paso 2: A continuaci\u00f3n, pulse \"Configuraci\u00f3n del sistema\" y haga clic en \"Servidores\"....<\/p>","protected":false},"author":1,"featured_media":0,"parent":0,"menu_order":0,"comment_status":"closed","ping_status":"closed","template":"","meta":{"_kadence_starter_templates_imported_post":false,"_kad_post_transparent":"","_kad_post_title":"hide","_kad_post_layout":"fullwidth","_kad_post_sidebar_id":"","_kad_post_content_style":"unboxed","_kad_post_vertical_padding":"hide","_kad_post_feature":"hide","_kad_post_feature_position":"","_kad_post_header":false,"_kad_post_footer":false,"_kad_post_classname":"","_joinchat":[],"footnotes":""},"class_list":["post-6485","page","type-page","status-publish","hentry"],"_links":{"self":[{"href":"https:\/\/dgtl-planet.store\/espanol\/wp-json\/wp\/v2\/pages\/6485","targetHints":{"allow":["GET"]}}],"collection":[{"href":"https:\/\/dgtl-planet.store\/espanol\/wp-json\/wp\/v2\/pages"}],"about":[{"href":"https:\/\/dgtl-planet.store\/espanol\/wp-json\/wp\/v2\/types\/page"}],"author":[{"embeddable":true,"href":"https:\/\/dgtl-planet.store\/espanol\/wp-json\/wp\/v2\/users\/1"}],"replies":[{"embeddable":true,"href":"https:\/\/dgtl-planet.store\/espanol\/wp-json\/wp\/v2\/comments?post=6485"}],"version-history":[{"count":4,"href":"https:\/\/dgtl-planet.store\/espanol\/wp-json\/wp\/v2\/pages\/6485\/revisions"}],"predecessor-version":[{"id":6495,"href":"https:\/\/dgtl-planet.store\/espanol\/wp-json\/wp\/v2\/pages\/6485\/revisions\/6495"}],"wp:attachment":[{"href":"https:\/\/dgtl-planet.store\/espanol\/wp-json\/wp\/v2\/media?parent=6485"}],"curies":[{"name":"wp","href":"https:\/\/api.w.org\/{rel}","templated":true}]}}