{"id":1291,"date":"2022-06-10T07:49:23","date_gmt":"2022-06-10T07:49:23","guid":{"rendered":"https:\/\/nouhefikri.ml\/?page_id=1291"},"modified":"2025-01-15T20:19:36","modified_gmt":"2025-01-15T20:19:36","slug":"condiciones-generales","status":"publish","type":"page","link":"https:\/\/dgtl-planet.store\/espanol\/condiciones-generales\/","title":{"rendered":"Condiciones generales"},"content":{"rendered":"<div data-elementor-type=\"wp-page\" data-elementor-id=\"1291\" class=\"elementor elementor-1291\" data-elementor-post-type=\"page\">\n\t\t\t\t\t\t<section class=\"elementor-section elementor-top-section elementor-element elementor-element-946a9b1 elementor-section-boxed elementor-section-height-default elementor-section-height-default\" data-id=\"946a9b1\" data-element_type=\"section\" data-e-type=\"section\">\n\t\t\t\t\t\t<div class=\"elementor-container elementor-column-gap-default\">\n\t\t\t\t\t<div class=\"elementor-column elementor-col-100 elementor-top-column elementor-element elementor-element-95d6561\" data-id=\"95d6561\" data-element_type=\"column\" data-e-type=\"column\">\n\t\t\t<div class=\"elementor-widget-wrap elementor-element-populated\">\n\t\t\t\t\t\t<div class=\"elementor-element elementor-element-88d6776 elementor-widget elementor-widget-heading\" data-id=\"88d6776\" data-element_type=\"widget\" data-e-type=\"widget\" data-widget_type=\"heading.default\">\n\t\t\t\t\t<h1 class=\"elementor-heading-title elementor-size-default\">Condiciones generales<\/h1>\t\t\t\t<\/div>\n\t\t\t\t\t<\/div>\n\t\t<\/div>\n\t\t\t\t\t<\/div>\n\t\t<\/section>\n\t\t\t\t<section class=\"elementor-section elementor-top-section elementor-element elementor-element-21a6a20 elementor-section-boxed elementor-section-height-default elementor-section-height-default\" data-id=\"21a6a20\" data-element_type=\"section\" data-e-type=\"section\">\n\t\t\t\t\t\t<div class=\"elementor-container elementor-column-gap-default\">\n\t\t\t\t\t<div class=\"elementor-column elementor-col-100 elementor-top-column elementor-element elementor-element-e2130b4\" data-id=\"e2130b4\" data-element_type=\"column\" data-e-type=\"column\">\n\t\t\t<div class=\"elementor-widget-wrap elementor-element-populated\">\n\t\t\t\t\t\t<div class=\"elementor-element elementor-element-bc70f1e elementor-widget elementor-widget-text-editor\" data-id=\"bc70f1e\" data-element_type=\"widget\" data-e-type=\"widget\" data-widget_type=\"text-editor.default\">\n\t\t\t\t\t\t\t\t\t<p>Aseg\u00farese de leer y comprender nuestros t\u00e9rminos y condiciones antes de realizar una compra en DIGITAL PLANET. Nuestros planes de suscripci\u00f3n a IPTV (solo digital) ofrecen acceso a canales de televisi\u00f3n en directo, pel\u00edculas a la carta y programas de televisi\u00f3n.<br \/>Al suscribirse o comprar de nosotros usted reconoce y acepta los siguientes t\u00e9rminos y condiciones.<\/p><p><strong>Edad m\u00ednima permitida<\/strong><br \/>Para suscribirse a nosotros y disfrutar de los servicios de DIGITAL PLANET, debe tener al menos 18 a\u00f1os.<\/p><p><strong>Conexiones permitidas por abono<\/strong><br \/>Cada abono s\u00f3lo permite 1 conexi\u00f3n.<br \/>El uso de m\u00e1s de 1 conexi\u00f3n conllevar\u00e1 la suspensi\u00f3n de la suscripci\u00f3n y de la IP por parte del proveedor sin derecho a reembolso.<\/p><p><strong>N\u00famero de canales de televisi\u00f3n en directo y v\u00eddeo a la carta <\/strong>Canales y VOD est\u00e1 sujeto a cambios, actualizaciones o eliminaci\u00f3n en cualquier momento y sin previo aviso.<br \/>Cualquier cambio en las categor\u00edas o en el contenido puede producirse en cualquier momento.<br \/>DIGITAL PLANET no tiene ning\u00fan control sobre el contenido proporcionado o EPG o cualquier actualizaci\u00f3n que les suceda.<\/p><p><strong>Comportamiento de uso inaceptable<\/strong><br \/>DIGITAL PLANET no permite ning\u00fan tipo de retransmisi\u00f3n, transmisi\u00f3n o distribuci\u00f3n de los contenidos proporcionados.<\/p><p><strong>Calidad de los contenidos<\/strong><br \/>Debido a la naturaleza de IPTV y a los factores de los que depende, como el proveedor de servicios de Internet, la velocidad de Internet, el ancho de banda, las fuentes de transmisi\u00f3n y muchas otras variables, no podemos garantizar que el contenido funcione 100% todo el tiempo, y es posible que se produzcan problemas de almacenamiento en b\u00fafer, congelaci\u00f3n o que el contenido no funcione.<br \/>Por lo tanto, aseg\u00farese de tener una conexi\u00f3n a Internet de alta velocidad y de que su proveedor de servicios de Internet permita servidores IPTV para reducir la posibilidad de tener problemas.<br \/>Tenga en cuenta que si comparte su suscripci\u00f3n, tambi\u00e9n se cancelar\u00e1 inmediatamente sin previo aviso.<\/p><p><strong>Pol\u00edtica de uso de proxy \/ VPN<\/strong><br \/>El uso de aplicaciones o servidores Proxy \/ VPN no est\u00e1 permitido y puede dar lugar a la suspensi\u00f3n del servicio sin derecho a reembolso.<\/p><p><strong>Pa\u00edses no admitidos<\/strong><br \/>Nuestro servicio funciona en cualquier parte del mundo SIEMPRE Y CUANDO su proveedor de servicios de Internet no bloquee nuestros servicios.<\/p><p><strong>Tarifas por uso de datos<\/strong><br \/>El cliente es responsable de cualquier gasto o cargo relacionado con su uso de datos o tarifas de Internet.<\/p><p><strong>Informaci\u00f3n facilitada<\/strong><br \/>Cualquier informaci\u00f3n o dato proporcionado debe ser exacto.<br \/>Usted debe ser el propietario o tener derecho a utilizar el m\u00e9todo de pago utilizado para comprarnos cualquier producto.<\/p><p><strong>Modificaciones de nuestras Condiciones Generales<\/strong><br \/>Es posible que en cualquier momento y sin previo aviso ajustar estos T\u00e9rminos y Condiciones.<br \/>Incluida nuestra Pol\u00edtica de Privacidad, con o sin previo aviso al Cliente. Cualquier modificaci\u00f3n ser\u00e1 efectiva inmediatamente despu\u00e9s de su publicaci\u00f3n. El uso continuado de nuestro Servicio y de este Sitio despu\u00e9s de cualquier alteraci\u00f3n constituye su reconocimiento de estos T\u00e9rminos ajustados.<br \/>El n\u00famero de canales y pel\u00edculas de la biblioteca VOD puede variar en funci\u00f3n de la actualizaci\u00f3n que hacemos cada semana.<\/p><p><strong>Precios<\/strong><br \/>Los servicios prestados por DIGITAL PLANET est\u00e1n sujetos a cambios y actualizaciones en cualquier momento y sin previo aviso.<br \/>Los descuentos y promociones pueden ocurrir en cualquier momento, en caso de que un servicio comprado antes de la oferta no puede ser reembolsado para utilizar la oferta.<\/p><p><strong>Datos de suscripci\u00f3n<\/strong><br \/>debe seguir los detalles y las instrucciones antes de comprarnos un abono a IPTV o en caso de tener alg\u00fan problema.<\/p><p><strong>Suspensi\u00f3n y tiempo de inactividad<\/strong><br \/>adem\u00e1s de nuestro derecho y condiciones para finalizar o desactivar la suscripci\u00f3n, usted confirma y acepta el tiempo de inactividad en caso de mantenimiento del servidor o cualquier actualizaci\u00f3n o problema relacionado con el servidor, no se le informar\u00e1 de estos antes de que se produzcan.<br \/>Todas las comunicaciones y t\u00e9rminos que se realicen u ofrezcan en entendimiento con este Acuerdo tienen que estar en lengua inglesa. Tenemos la autoridad y el derecho de terminar o limitar inmediatamente su uso de los servicios o el acceso al contenido en cualquier momento, sin previo aviso ni responsabilidad, en caso de que DIGITAL PLANET decida a su entera discreci\u00f3n que usted ha incumplido cualquiera de los t\u00e9rminos y condiciones anteriores, cualquier ley o reglamento sobre cualquier contenido, incluyendo<br \/>- El logotipo de DIGITAL PLANET y otras marcas comerciales, fotos y contenido escrito de DIGITAL PLANET son propiedad de DIGITAL PLANET. Todas las marcas registradas de DIGITAL PLANET no pueden ser copiadas, descargadas, compartidas o utilizadas por ning\u00fan medio.<\/p>\t\t\t\t\t\t\t\t<\/div>\n\t\t\t\t\t<\/div>\n\t\t<\/div>\n\t\t\t\t\t<\/div>\n\t\t<\/section>\n\t\t\t\t<\/div>","protected":false},"excerpt":{"rendered":"<p>T\u00e9rminos y Condiciones Aseg\u00farese de leer y comprender nuestros t\u00e9rminos y condiciones antes de realizar una compra en DIGITAL PLANET. Nuestros planes de suscripci\u00f3n a IPTV (s\u00f3lo digital) ofrecen acceso a canales de TV en directo, pel\u00edculas a la carta y programas de TV. Al suscribirse o comprar con nosotros usted reconoce y acepta los siguientes t\u00e9rminos y condiciones....<\/p>","protected":false},"author":1,"featured_media":0,"parent":0,"menu_order":0,"comment_status":"closed","ping_status":"closed","template":"elementor_header_footer","meta":{"_kadence_starter_templates_imported_post":false,"_kad_post_transparent":"","_kad_post_title":"hide","_kad_post_layout":"fullwidth","_kad_post_sidebar_id":"","_kad_post_content_style":"unboxed","_kad_post_vertical_padding":"hide","_kad_post_feature":"hide","_kad_post_feature_position":"","_kad_post_header":false,"_kad_post_footer":false,"_kad_post_classname":"","_joinchat":[],"footnotes":""},"class_list":["post-1291","page","type-page","status-publish","hentry"],"_links":{"self":[{"href":"https:\/\/dgtl-planet.store\/espanol\/wp-json\/wp\/v2\/pages\/1291","targetHints":{"allow":["GET"]}}],"collection":[{"href":"https:\/\/dgtl-planet.store\/espanol\/wp-json\/wp\/v2\/pages"}],"about":[{"href":"https:\/\/dgtl-planet.store\/espanol\/wp-json\/wp\/v2\/types\/page"}],"author":[{"embeddable":true,"href":"https:\/\/dgtl-planet.store\/espanol\/wp-json\/wp\/v2\/users\/1"}],"replies":[{"embeddable":true,"href":"https:\/\/dgtl-planet.store\/espanol\/wp-json\/wp\/v2\/comments?post=1291"}],"version-history":[{"count":44,"href":"https:\/\/dgtl-planet.store\/espanol\/wp-json\/wp\/v2\/pages\/1291\/revisions"}],"predecessor-version":[{"id":8679,"href":"https:\/\/dgtl-planet.store\/espanol\/wp-json\/wp\/v2\/pages\/1291\/revisions\/8679"}],"wp:attachment":[{"href":"https:\/\/dgtl-planet.store\/espanol\/wp-json\/wp\/v2\/media?parent=1291"}],"curies":[{"name":"wp","href":"https:\/\/api.w.org\/{rel}","templated":true}]}}