{"id":1090,"date":"2020-12-02T20:10:28","date_gmt":"2020-12-02T20:10:28","guid":{"rendered":"https:\/\/startertemplatecloud.com\/g02\/?page_id=1090"},"modified":"2024-04-16T14:22:43","modified_gmt":"2024-04-16T14:22:43","slug":"acerca-de","status":"publish","type":"page","link":"https:\/\/dgtl-planet.store\/espanol\/acerca-de\/","title":{"rendered":"Qui\u00e9nes somos"},"content":{"rendered":"<div data-elementor-type=\"wp-page\" data-elementor-id=\"1090\" class=\"elementor elementor-1090\" data-elementor-post-type=\"page\">\n\t\t\t\t\t\t<section class=\"elementor-section elementor-top-section elementor-element elementor-element-73a123e elementor-section-boxed elementor-section-height-default elementor-section-height-default\" data-id=\"73a123e\" data-element_type=\"section\" data-e-type=\"section\">\n\t\t\t\t\t\t<div class=\"elementor-container elementor-column-gap-default\">\n\t\t\t\t\t<div class=\"elementor-column elementor-col-100 elementor-top-column elementor-element elementor-element-3a26245\" data-id=\"3a26245\" data-element_type=\"column\" data-e-type=\"column\">\n\t\t\t<div class=\"elementor-widget-wrap elementor-element-populated\">\n\t\t\t\t\t\t<div class=\"elementor-element elementor-element-9f718ee elementor-widget elementor-widget-image\" data-id=\"9f718ee\" data-element_type=\"widget\" data-e-type=\"widget\" data-widget_type=\"image.default\">\n\t\t\t\t\t\t\t\t\t\t\t\t\t\t\t<img fetchpriority=\"high\" decoding=\"async\" width=\"625\" height=\"200\" src=\"https:\/\/dgtl-planet.store\/wp-content\/uploads\/2023\/04\/DIGITAL-PLANET-1-1.png\" class=\"attachment-medium_large size-medium_large wp-image-5957\" alt=\"iptv, iptv uk, polska telewizja iptv w uk, iptv subscription, iptv one, fire stick iptv, iptv online, mom iptv, iptv best app, top 5 iptv providers, iptv m3u, iptv smarters pro subscription, best iptv for firestick 2023 uk, iptv vod, iptv polska w uk, firestick iptv subscription, iptv subscription uk, tivimate iptv subscription, polska iptv w uk, buy xtream iptv, iptv top box, xtream iptv buy, iptv great, best iptv for kodi, iptv content providers, best iptv subscription uk, iptv reviews, firestick iptv uk, iptv india uk, iptv sub, mejor iptv m3u lista, iptv firestick uk, tv ip, comprar iptv, bunnystreams iptv, iptv smarters pro comprar, uk m3u, firestick iptv servicios, servicio iptv premium, iptv 1 mes, mejor iptv stick, iptv basado en uk, iptv smarters uk, mejor iptv para la premier league, canales iptv online, mejor iptv firestick uk, servicio iptv 4k, mejor iptv para smart tv, iptv firestick 2023, mejor iptv firestick, sky iptv uk, iptv live stream, canal iptv, mejor suscripci\u00f3n iptv, iptv para fire tv stick, the best iptv service, premium iptv uk, iptv streaming service, 4k iptv uk, beste ip tv, one iptv uk, buy iptv smarters pro, firestick iptv providers, buy iptv channels, homeplex iptv, ip tv stick, iptv tv providers, iptv for android, cheap iptv subscription, buybestiptv, internet iptv box, 4k firestick iptv, smart tv smart iptv, m3u subscription, best iptv for samsung tv, top iptv service, ip tv, best ip tv service, uk iptv firestick, all channels iptv, amazon fire stick iptv, best iptv m3u, mejor iptv para lg tv, tv online iptv, suscripcion iptv en uk, mejor iptv samsung, iptv en firestick, iptv streams uk, bestiptvservice, iptv channel provider, internet iptv, iptv 4k provider, yeah iptv channel list, iptv for sport, best iptv for ipad, uk based iptv providers, iptv offer, adult tv iptv, iptv box subscription, best of iptv, best iptv for, iptv subscription providers, uk best iptv service, 4k iptv provider, best iptv for fire stick, iptv channel url, iptv subscription tv, iptv android, mejor servicio streaming iptv, proveedor streaming iptv, m3u tv, comprar suscripcion iptv uk, mejores streams iptv, iptv uk sports, live iptv kodi, mejor iptv premier league, suscripcion iptv online, el mejor servidor iptv, iptv sport tv, mejor web iptv, iptv subscription packages, best iptv for uk channels, best iptv list, buy premium iptv, top iptv service providers, iptv best offer, android tv iptv, best iptv worldwide, uk best iptv, all iptv services, flawless iptv, iptv service provider usa, kodi uk channels, buy iptv streams, best iptv for sports uk, fastest iptv, premium iptv provider, yeah iptv channels, iptv on tv, best iptv for firestick uk, stream iptv to tv, ip tv service, iptv best one, iptv companies, iptv romania in uk, mejor servicio iptv para android, mejor iptv tv, iptv canales premium, suscripcion iptv de pago, mejor iptv ott, comprar iptv smarters, suscripcion mag box uk, stream iptv, television iptv, mejor servicio streaming iptv, iptv de alta calidad, mejor iptv para ppv, buen servicio iptv, mejor fire stick iptv, iptv suscripci\u00f3n mensual, iptv escocia, ip tv online, servicio iptv uk, iptv uk impecable, archivos m3u, mejor iptv sin buffering, proveedores iptv para firestick, mejor iptv para deportes en vivo, el mejor iptv box, ip tv live, iptv new, 4k iptv subscription, buy m3u list, m3u url, best iptv server uk, good iptv providers, best iptv provider for firestick, best iptv for mag box, best iptv in the uk, fire cube iptv, top 10 iptv providers, fire tv iptv, iptv website, iptv server subscription, smarters iptv subscription, android box tv iptv, amazon fire tv iptv, the best iptv subscription, buy iptv online, adult channel iptv, iptv for smart tv, pay iptv, best paid iptv service, best iptv for vod, best iptv provider for tivimate, top ip tv, iptv web tv, mejor servicio de suscripci\u00f3n iptv, canales ip en tv, comprar iptv panel, comprar m3u playlist, ip tv best, iptv streamers, ip tv package, best iptv for mag, best iptv package, best iptv subscription providers, best iptv 4k\" srcset=\"https:\/\/dgtl-planet.store\/wp-content\/uploads\/2023\/04\/DIGITAL-PLANET-1-1.png 625w, https:\/\/dgtl-planet.store\/wp-content\/uploads\/2023\/04\/DIGITAL-PLANET-1-1-300x96.png 300w\" sizes=\"(max-width: 625px) 100vw, 625px\" \/>\t\t\t\t\t\t\t\t\t\t\t\t\t\t\t<\/div>\n\t\t\t\t\t<\/div>\n\t\t<\/div>\n\t\t\t\t\t<\/div>\n\t\t<\/section>\n\t\t\t\t<section class=\"elementor-section elementor-top-section elementor-element elementor-element-583fc8d elementor-section-boxed elementor-section-height-default elementor-section-height-default\" data-id=\"583fc8d\" data-element_type=\"section\" data-e-type=\"section\">\n\t\t\t\t\t\t<div class=\"elementor-container elementor-column-gap-default\">\n\t\t\t\t\t<div class=\"elementor-column elementor-col-50 elementor-top-column elementor-element elementor-element-fd3fe3d\" data-id=\"fd3fe3d\" data-element_type=\"column\" data-e-type=\"column\">\n\t\t\t<div class=\"elementor-widget-wrap elementor-element-populated\">\n\t\t\t\t\t\t<div class=\"elementor-element elementor-element-a319a85 elementor-widget elementor-widget-text-editor\" data-id=\"a319a85\" data-element_type=\"widget\" data-e-type=\"widget\" data-widget_type=\"text-editor.default\">\n\t\t\t\t\t\t\t\t\t<div><div><div><div><div><div><div><div>Bienvenido a <strong>PLANETA DIGITAL<\/strong>su destino definitivo para un entretenimiento IPTV estable. El mejor proveedor de IPTV del Reino Unido<\/div><div>\u00a0<\/div><div>\u00a0Con m\u00e1s de 23.000 canales en todo el mundo y 94.000 v\u00eddeos a la carta (VOD), disponemos de una amplia colecci\u00f3n que satisface todas sus preferencias de visionado.<\/div><div>\u00a0<\/div><div>En <strong>PLANETA DIGITAL<\/strong>Creemos que hay que mantener las cosas frescas y emocionantes.<\/div><div>Por eso actualizamos diariamente nuestra programaci\u00f3n de canales y nuestra biblioteca de v\u00eddeo a la carta,<\/div><div>para que nunca te quedes sin opciones de entretenimiento.<\/div><\/div><\/div><\/div><\/div><\/div><\/div><\/div>\t\t\t\t\t\t\t\t<\/div>\n\t\t\t\t\t<\/div>\n\t\t<\/div>\n\t\t\t\t<div class=\"elementor-column elementor-col-50 elementor-top-column elementor-element elementor-element-182fffa\" data-id=\"182fffa\" data-element_type=\"column\" data-e-type=\"column\">\n\t\t\t<div class=\"elementor-widget-wrap elementor-element-populated\">\n\t\t\t\t\t\t<div class=\"elementor-element elementor-element-6017cdd elementor-widget elementor-widget-image\" data-id=\"6017cdd\" data-element_type=\"widget\" data-e-type=\"widget\" data-widget_type=\"image.default\">\n\t\t\t\t\t\t\t\t\t\t\t\t\t\t\t<img decoding=\"async\" width=\"768\" height=\"480\" src=\"https:\/\/dgtl-planet.store\/wp-content\/uploads\/2023\/02\/familywatachingtv-768x480.webp\" class=\"attachment-medium_large size-medium_large wp-image-5691\" alt=\"iptv uk iptv iptv subscripci\u00f3n uk iptv iptv revendedor mejor iptv uk iptvuk ukiptv iptv subscripci\u00f3n uk mejor iptv en uk iptv en uk comprar iptv iptv uk subscripci\u00f3n iptv subscripci\u00f3n iptv mejor uk iptv mejor iptv brit\u00e1nica iptv reino unido iptv iptv proveedor uk iptv proveedores uk iptv mejor uk iptv principal iptv para uk iptv proveedores iptv suscripciones iptv comprar iptv sub iptv en uk iptv proveedor bestiptv uk iptv revendedores uk iptv suscripciones mejor iptv proveedor uk iptv servicio iptv revendedor iptv suscripciones iptv uk mejor proveedor iptv uk mejores proveedores iptv uk iptv uk proveedores ip tv uk comprar iptv iptv servicio iptv uk mejor iptv para suscripcion iptv iptv para futbol uk iptv sky sports iptv proveedores iptv mejor iptv stream iptv servicios iptv sub uk iptv supscription iptv compra iptv suscripcion iptv proveedores iptv en uk iptv canales iptv streams bestiptvuk mejor iptv suscripcion iptv ofertas iptv suscripcion iptv. mejor servicio iptv iptv subs bestiptv iptv subcription iptv india iptv uk iptv subscriptions iptvs mejor proveedor iptv en uk iptv deportes iptv sport comprar iptv subscripci\u00f3n mejor revendedor iptv uk iptv provider mejor proveedor iptv iptv uk canales iptv box full loaded uk sky sports iptv ip tv iptv panel iptv subscription in uk iptv services uk iptv tv iptv subsription iptv resellers uk best iptv of uk iptv box fully loaded uk best iptv providers best iptv service best iptv services best iptv in uk 2022 iptv suppliers best uk iptv services uk iptv services iptv uk 2022 uk best iptv best iptv subscription in uk iptv tv uk best iptv 2022 uk best iptv subscription uk deal iptv best ip tv iptv for sale your iptv best uk iptv service sports iptv ip tv reseller iptv klik iptv packages iptvbuy iptv price best legal iptv in uk iptv service iptv streaming service iptv streaming sport iptv best uk iptv providers best iptv uk 2023 iptv streaming services top iptv stream iptv iptv indian channels best ip tv uk virgin media blocking iptv virgin blocking iptv best free iptv for firestick best iptv providers in uk smart iptv in uk cheap iptv uk one iptv bets iptv best iptv for sports b1g iptv the best iptv iptv the best your-iptv iptv box uk ip tv box uk supa legacy iptv iptv for sky iptv football best iptv subscriptions subscription iptv service mag box 4k fully loaded cheapest iptv uk iptv india iptv for tv iptv for sports iptv supplier sky iptv ipyv iptv reseller uk \u00d8\u00a7\u00d8&#039;\u00d8\u00aa\u00d8\u00b1\u00d8\u00a7\u00d9\u0192 iptv iptv cost best uk iptv for firestick 2023 ip-tv ipvtv iptvklik iptv boxing tonight best legal iptv uk premium iptv tv best iptv for firestick 2022 uk recommended iptv providers britishiptv iptv legal uk iptv legal uk i p tv internet protocol tv box epg for iptv iptv guide iptv guide iptv does not work iptv legal in uk cheap iptv subscription iptv for firestick 2023 uk oneiptv.uk iptv channel firestick blocked by virgin media iptv virgin media iptv uk reviews iptv cheap iptvmain cheap iptv is iptv legal uk best iptv box iptv roku iptv with built in vpn iptv uk trial iptv live best iptv firestick in uk iptv grabador iptv barato iptv fuerte iptv + iptv opiniones uk canal para combate de boxeo esta noche iptv prueba gratis uk como ver canales indios en uk iptv media iptv uk prueba gratis ver sky sports en firestick iptv para firestick 2022 uk iptv premier league uk sky sports iptv iptv uk legal iptv uk legal iptv boxes uk best for iptv beat iptv iptv multi room free iptv uk free iptv uk iptvuk iptv uk free what channel is sky box office is iptv legal in uk uk iptv m3u is iptv illegal uk uk iptv reviews is iptv illegal iptv one iptv firestick 2023 uk ebay uk iptv subscription iptv paypal sky entertainment channels list iptv in uk free iptv in uk free amazon fire stick fully loaded channels british iptv sky glass fully loaded cargado tv box uk boxeo esta noche tv iptv premium iptv servidores como comprobar si isp esta bloqueando iptv mejores servicios iptv uk como consigo iptv mag box uk iptv online canales indios en uk gratis iptv iptv suscripcion ebay uk iptvt iptv now cheapest iptv roku iptv iptv illegal best free iptv firestick perfect iptv watch indian channels in uk iptv media indian tv channels in uk smart iptv in uk illegal iptv sports on iptv sports on iptv whats iptv iptv fines uk what iptv virgin media iptv sky sports box office channel number how does illegal iptv work top uptv iptv boxes iptv boxing tonight iptv sky iptv sky is iptv legal in the uk best iptv with built in vpn iptv service provider free trial iptv uk tyson fury fight tv channels uk ip tv box iptv shop indian tv channels uk how do you get iptv legal iptv providers uk iptv setup iptv blocked by internet provider fast iptv iptv illegal uk best uk iptv for firestick 2022 how to get iptv ip tv stick iptv.online premium iptv best iptv uk for firestick 2022 iptv in uk legal iptv with catch up best iptv with built-in vpn iptv uk box what channels the boxing on tonight fully loaded iptv box fully loaded iptv box best iptv uk for firestick 2023 iptv server watch iptv what does iptv stand for iptv trial uk b1g player firestick best iptv for firestick 2023 uk uk iptv free supa legacy internet protocol tv services is iptv illegal in uk iptv buffering iptv box fully loaded iptv best provider legal iptv uk iptvload daisy iptv how can i get iptv\" srcset=\"https:\/\/dgtl-planet.store\/wp-content\/uploads\/2023\/02\/familywatachingtv-768x480.webp 768w, https:\/\/dgtl-planet.store\/wp-content\/uploads\/2023\/02\/familywatachingtv-300x187.webp 300w, https:\/\/dgtl-planet.store\/wp-content\/uploads\/2023\/02\/familywatachingtv-1024x640.webp 1024w, https:\/\/dgtl-planet.store\/wp-content\/uploads\/2023\/02\/familywatachingtv-1536x960.webp 1536w, https:\/\/dgtl-planet.store\/wp-content\/uploads\/2023\/02\/familywatachingtv-2048x1280.webp 2048w\" sizes=\"(max-width: 768px) 100vw, 768px\" \/>\t\t\t\t\t\t\t\t\t\t\t\t\t\t\t<\/div>\n\t\t\t\t\t<\/div>\n\t\t<\/div>\n\t\t\t\t\t<\/div>\n\t\t<\/section>\n\t\t\t\t<section class=\"elementor-section elementor-top-section elementor-element elementor-element-74c8ea7 elementor-section-boxed elementor-section-height-default elementor-section-height-default\" data-id=\"74c8ea7\" data-element_type=\"section\" data-e-type=\"section\">\n\t\t\t\t\t\t<div class=\"elementor-container elementor-column-gap-default\">\n\t\t\t\t\t<div class=\"elementor-column elementor-col-100 elementor-top-column elementor-element elementor-element-cfa6879\" data-id=\"cfa6879\" data-element_type=\"column\" data-e-type=\"column\">\n\t\t\t<div class=\"elementor-widget-wrap elementor-element-populated\">\n\t\t\t\t\t\t<div class=\"elementor-element elementor-element-1a47367 elementor-widget elementor-widget-text-editor\" data-id=\"1a47367\" data-element_type=\"widget\" data-e-type=\"widget\" data-widget_type=\"text-editor.default\">\n\t\t\t\t\t\t\t\t\t<div style=\"box-sizing: border-box; display: flex; margin-bottom: var(--global-md-spacing); flex-wrap: nowrap !important; align-items: normal !important; margin-top: 0px;\">\n<div style=\"box-sizing: border-box; flex-grow: 0; min-width: 0px; word-break: break-word; overflow-wrap: break-word; flex-basis: 100%;\">\n<div style=\"box-sizing: border-box; margin-bottom: 0px;\">\n<div style=\"box-sizing: border-box; position: relative; border: 0px solid transparent; margin-bottom: 0px;\">\n<div style=\"box-sizing: border-box; padding: 0px 5.275px; display: flex; flex-wrap: nowrap; justify-content: space-between; position: relative; z-index: 10;\">\n<div style=\"box-sizing: border-box; display: flex; flex-direction: column; z-index: 1; min-width: 0px; min-height: 0px; flex: 1 1 0%; width: 0px; margin-right: 30px;\">\n<div style=\"box-sizing: border-box; border: 0px solid transparent; transition: all 0.3s ease 0s; padding: 20px 0px;\">\n<div style=\"box-sizing: border-box; display: flex; margin-bottom: var(--global-md-spacing); flex-wrap: nowrap !important; align-items: normal !important; margin-top: 0px;\">\n<div style=\"box-sizing: border-box; flex-grow: 0; min-width: 0px; word-break: break-word; overflow-wrap: break-word; flex-basis: 100%;\">\n<div style=\"box-sizing: border-box; margin-bottom: 0px;\">\n<div style=\"box-sizing: border-box; position: relative; border: 0px solid transparent;\">\n<div style=\"box-sizing: border-box; padding: 0px; display: flex; flex-wrap: nowrap; justify-content: space-between; position: relative; z-index: 10;\">\n<div style=\"box-sizing: border-box; display: flex; flex-direction: column; z-index: 1; min-width: 0px; min-height: 0px; flex: 1 1 0%; width: 0px; margin-right: 30px;\">\n<div style=\"box-sizing: border-box; border: 0px solid transparent; transition: all 0.3s ease 0s; padding-bottom: 0px; margin-bottom: 0px;\">\n<div style=\"color: #352e2e; text-align: center;\">En <strong>PLANETA DIGITAL<\/strong>, damos prioridad a su satisfacci\u00f3n y ofrecemos un excelente servicio de atenci\u00f3n al cliente 24 horas al d\u00eda, 7 d\u00edas a la semana, por WhatsApp y correo electr\u00f3nico.<\/div>\n<div style=\"color: #352e2e; text-align: center;\">&nbsp;\u00danase a nuestra comunidad de m\u00e1s de 2.100 usuarios de IPTV en el Reino Unido y disfrute de un servicio excepcional.<\/div>\n<div style=\"color: #352e2e; text-align: center;\">&nbsp;<\/div>\n<div style=\"color: #352e2e; text-align: center;\">\u00danase a nosotros en <strong>PLANETA DIGITAL<\/strong> y experimente un mundo de entretenimiento como nunca antes.<\/div>\n<\/div>\n<\/div>\n<\/div>\n<\/div>\n<\/div>\n<\/div>\n<\/div>\n<\/div>\n<\/div>\n<\/div>\n<\/div>\n<\/div>\n<\/div>\n<\/div>\t\t\t\t\t\t\t\t<\/div>\n\t\t\t\t\t<\/div>\n\t\t<\/div>\n\t\t\t\t\t<\/div>\n\t\t<\/section>\n\t\t\t\t<\/div>","protected":false},"excerpt":{"rendered":"<p>Bienvenido a DIGITAL PLANET, \u00a1su destino definitivo para un entretenimiento IPTV estable! El mejor proveedor de IPTV en el Reino Unido Con m\u00e1s de 23.000 canales de todo el mundo y 94.000 v\u00eddeos a la carta (VOD), tenemos una amplia colecci\u00f3n que satisface todas sus preferencias de visualizaci\u00f3n. En DIGITAL PLANET, creemos en mantener las cosas frescas y emocionantes, por eso ofrecemos actualizaciones diarias de nuestros canales...<\/p>","protected":false},"author":1,"featured_media":0,"parent":0,"menu_order":0,"comment_status":"closed","ping_status":"closed","template":"","meta":{"_kadence_starter_templates_imported_post":true,"_kad_post_transparent":"","_kad_post_title":"hide","_kad_post_layout":"fullwidth","_kad_post_sidebar_id":"","_kad_post_content_style":"unboxed","_kad_post_vertical_padding":"hide","_kad_post_feature":"","_kad_post_feature_position":"","_kad_post_header":false,"_kad_post_footer":false,"_kad_post_classname":"","_joinchat":[],"footnotes":""},"class_list":["post-1090","page","type-page","status-publish","hentry"],"_links":{"self":[{"href":"https:\/\/dgtl-planet.store\/espanol\/wp-json\/wp\/v2\/pages\/1090","targetHints":{"allow":["GET"]}}],"collection":[{"href":"https:\/\/dgtl-planet.store\/espanol\/wp-json\/wp\/v2\/pages"}],"about":[{"href":"https:\/\/dgtl-planet.store\/espanol\/wp-json\/wp\/v2\/types\/page"}],"author":[{"embeddable":true,"href":"https:\/\/dgtl-planet.store\/espanol\/wp-json\/wp\/v2\/users\/1"}],"replies":[{"embeddable":true,"href":"https:\/\/dgtl-planet.store\/espanol\/wp-json\/wp\/v2\/comments?post=1090"}],"version-history":[{"count":56,"href":"https:\/\/dgtl-planet.store\/espanol\/wp-json\/wp\/v2\/pages\/1090\/revisions"}],"predecessor-version":[{"id":7225,"href":"https:\/\/dgtl-planet.store\/espanol\/wp-json\/wp\/v2\/pages\/1090\/revisions\/7225"}],"wp:attachment":[{"href":"https:\/\/dgtl-planet.store\/espanol\/wp-json\/wp\/v2\/media?parent=1090"}],"curies":[{"name":"wp","href":"https:\/\/api.w.org\/{rel}","templated":true}]}}