{"id":6485,"date":"2023-06-24T10:51:59","date_gmt":"2023-06-24T10:51:59","guid":{"rendered":"https:\/\/dgtl-planet.com\/?page_id=6485"},"modified":"2023-06-24T11:03:18","modified_gmt":"2023-06-24T11:03:18","slug":"magbox","status":"publish","type":"page","link":"https:\/\/dgtl-planet.store\/deutsch\/magbox\/","title":{"rendered":"MAGBOX"},"content":{"rendered":"<div data-elementor-type=\"wp-page\" data-elementor-id=\"6485\" class=\"elementor elementor-6485\" data-elementor-post-type=\"page\">\n\t\t\t\t\t\t<section class=\"elementor-section elementor-top-section elementor-element elementor-element-4a30ef8 elementor-section-boxed elementor-section-height-default elementor-section-height-default\" data-id=\"4a30ef8\" data-element_type=\"section\" data-e-type=\"section\">\n\t\t\t\t\t\t<div class=\"elementor-container elementor-column-gap-default\">\n\t\t\t\t\t<div class=\"elementor-column elementor-col-100 elementor-top-column elementor-element elementor-element-9e07b4c\" data-id=\"9e07b4c\" data-element_type=\"column\" data-e-type=\"column\">\n\t\t\t<div class=\"elementor-widget-wrap elementor-element-populated\">\n\t\t\t\t\t\t<div class=\"elementor-element elementor-element-2204d1e elementor-widget elementor-widget-heading\" data-id=\"2204d1e\" data-element_type=\"widget\" data-e-type=\"widget\" data-widget_type=\"heading.default\">\n\t\t\t\t\t<h1 class=\"elementor-heading-title elementor-size-default\">IPTV auf MAG BOX einrichten<\/h1>\t\t\t\t<\/div>\n\t\t\t\t<div class=\"elementor-element elementor-element-b4ce1a8 elementor-widget elementor-widget-text-editor\" data-id=\"b4ce1a8\" data-element_type=\"widget\" data-e-type=\"widget\" data-widget_type=\"text-editor.default\">\n\t\t\t\t\t\t\t\t\t<p class=\"elementor-heading-title elementor-size-medium\" style=\"text-align: center;\"><span style=\"color: #003300;\">Diese Anleitung f\u00fchrt Sie durch die einfachen und effektiven Schritte der Installation Ihres Mag (250\/254\/256...).<\/span><br \/><br \/><span style=\"color: #003300;\"><u>Schritt 1<\/u>: Wenn die Box geladen ist, erscheint der Hauptbildschirm des Portals. Danach klicken Sie auf \"Einstellungen\" und dr\u00fccken die<\/span><br \/><span style=\"color: #003300;\">Fernbedienungstaste \"SETUP\/SET\".<\/span><\/p>\t\t\t\t\t\t\t\t<\/div>\n\t\t\t\t<div class=\"elementor-element elementor-element-73973ee elementor-widget elementor-widget-image\" data-id=\"73973ee\" data-element_type=\"widget\" data-e-type=\"widget\" data-widget_type=\"image.default\">\n\t\t\t\t\t\t\t\t\t\t\t\t\t\t\t<img fetchpriority=\"high\" decoding=\"async\" width=\"777\" height=\"325\" src=\"https:\/\/dgtl-planet.store\/wp-content\/uploads\/2023\/06\/cvfgfgfgre.png\" class=\"attachment-large size-large wp-image-6487\" alt=\"\" srcset=\"https:\/\/dgtl-planet.store\/wp-content\/uploads\/2023\/06\/cvfgfgfgre.png 777w, https:\/\/dgtl-planet.store\/wp-content\/uploads\/2023\/06\/cvfgfgfgre-300x125.png 300w, https:\/\/dgtl-planet.store\/wp-content\/uploads\/2023\/06\/cvfgfgfgre-768x321.png 768w\" sizes=\"(max-width: 777px) 100vw, 777px\" \/>\t\t\t\t\t\t\t\t\t\t\t\t\t\t\t<\/div>\n\t\t\t\t<div class=\"elementor-element elementor-element-875bded elementor-widget elementor-widget-text-editor\" data-id=\"875bded\" data-element_type=\"widget\" data-e-type=\"widget\" data-widget_type=\"text-editor.default\">\n\t\t\t\t\t\t\t\t\t<p class=\"elementor-heading-title elementor-size-medium\" style=\"text-align: center;\"><span style=\"color: #333300;\"><u>Schritt 2<\/u>: Dr\u00fccken Sie dann auf \"Systemeinstellungen\" und klicken Sie auf \"Server\".<\/span><\/p>\t\t\t\t\t\t\t\t<\/div>\n\t\t\t\t<div class=\"elementor-element elementor-element-21023e7 elementor-widget elementor-widget-image\" data-id=\"21023e7\" data-element_type=\"widget\" data-e-type=\"widget\" data-widget_type=\"image.default\">\n\t\t\t\t\t\t\t\t\t\t\t\t\t\t\t<img decoding=\"async\" width=\"774\" height=\"406\" src=\"https:\/\/dgtl-planet.store\/wp-content\/uploads\/2023\/06\/C10.png\" class=\"attachment-large size-large wp-image-6488\" alt=\"\" srcset=\"https:\/\/dgtl-planet.store\/wp-content\/uploads\/2023\/06\/C10.png 774w, https:\/\/dgtl-planet.store\/wp-content\/uploads\/2023\/06\/C10-300x157.png 300w, https:\/\/dgtl-planet.store\/wp-content\/uploads\/2023\/06\/C10-768x403.png 768w\" sizes=\"(max-width: 774px) 100vw, 774px\" \/>\t\t\t\t\t\t\t\t\t\t\t\t\t\t\t<\/div>\n\t\t\t\t<div class=\"elementor-element elementor-element-de160ab elementor-widget elementor-widget-text-editor\" data-id=\"de160ab\" data-element_type=\"widget\" data-e-type=\"widget\" data-widget_type=\"text-editor.default\">\n\t\t\t\t\t\t\t\t\t<p class=\"elementor-heading-title elementor-size-medium\" style=\"text-align: center;\"><span style=\"color: #333300;\"><u>Schritt 3<\/u>: Klicken Sie auf 'Servers'.<\/span><\/p>\t\t\t\t\t\t\t\t<\/div>\n\t\t\t\t<div class=\"elementor-element elementor-element-f3ef30a elementor-widget elementor-widget-image\" data-id=\"f3ef30a\" data-element_type=\"widget\" data-e-type=\"widget\" data-widget_type=\"image.default\">\n\t\t\t\t\t\t\t\t\t\t\t\t\t\t\t<img decoding=\"async\" width=\"769\" height=\"386\" src=\"https:\/\/dgtl-planet.store\/wp-content\/uploads\/2023\/06\/c20-1.png\" class=\"attachment-large size-large wp-image-6491\" alt=\"\" srcset=\"https:\/\/dgtl-planet.store\/wp-content\/uploads\/2023\/06\/c20-1.png 769w, https:\/\/dgtl-planet.store\/wp-content\/uploads\/2023\/06\/c20-1-300x151.png 300w\" sizes=\"(max-width: 769px) 100vw, 769px\" \/>\t\t\t\t\t\t\t\t\t\t\t\t\t\t\t<\/div>\n\t\t\t\t<div class=\"elementor-element elementor-element-380af5c elementor-widget elementor-widget-text-editor\" data-id=\"380af5c\" data-element_type=\"widget\" data-e-type=\"widget\" data-widget_type=\"text-editor.default\">\n\t\t\t\t\t\t\t\t\t<p class=\"elementor-heading-title elementor-size-medium\" style=\"text-align: center;\"><span style=\"color: #333300;\"><u>Schritt 4<\/u>: W\u00e4hlen und dr\u00fccken Sie die Option 'Portale'.<\/span><\/p>\t\t\t\t\t\t\t\t<\/div>\n\t\t\t\t<div class=\"elementor-element elementor-element-77a60a0 elementor-widget elementor-widget-image\" data-id=\"77a60a0\" data-element_type=\"widget\" data-e-type=\"widget\" data-widget_type=\"image.default\">\n\t\t\t\t\t\t\t\t\t\t\t\t\t\t\t<img loading=\"lazy\" decoding=\"async\" width=\"768\" height=\"404\" src=\"https:\/\/dgtl-planet.store\/wp-content\/uploads\/2023\/06\/c30-1.png\" class=\"attachment-large size-large wp-image-6490\" alt=\"\" srcset=\"https:\/\/dgtl-planet.store\/wp-content\/uploads\/2023\/06\/c30-1.png 768w, https:\/\/dgtl-planet.store\/wp-content\/uploads\/2023\/06\/c30-1-300x158.png 300w\" sizes=\"(max-width: 768px) 100vw, 768px\" \/>\t\t\t\t\t\t\t\t\t\t\t\t\t\t\t<\/div>\n\t\t\t\t<div class=\"elementor-element elementor-element-18c8d1c elementor-widget elementor-widget-text-editor\" data-id=\"18c8d1c\" data-element_type=\"widget\" data-e-type=\"widget\" data-widget_type=\"text-editor.default\">\n\t\t\t\t\t\t\t\t\t<p class=\"elementor-heading-title elementor-size-medium\" style=\"text-align: center;\"><span style=\"color: #333300;\"><u>Schritt 5<\/u>: Geben Sie in der Zeile 'Name des Portals 1' einen Portalnamen und in der Zeile 'URL des Portals 1' eine Portal-URL ein.<\/span><\/p>\t\t\t\t\t\t\t\t<\/div>\n\t\t\t\t<div class=\"elementor-element elementor-element-83a7031 elementor-widget elementor-widget-image\" data-id=\"83a7031\" data-element_type=\"widget\" data-e-type=\"widget\" data-widget_type=\"image.default\">\n\t\t\t\t\t\t\t\t\t\t\t\t\t\t\t<img loading=\"lazy\" decoding=\"async\" width=\"704\" height=\"473\" src=\"https:\/\/dgtl-planet.store\/wp-content\/uploads\/2023\/06\/C40.png\" class=\"attachment-large size-large wp-image-6492\" alt=\"\" srcset=\"https:\/\/dgtl-planet.store\/wp-content\/uploads\/2023\/06\/C40.png 704w, https:\/\/dgtl-planet.store\/wp-content\/uploads\/2023\/06\/C40-300x202.png 300w\" sizes=\"(max-width: 704px) 100vw, 704px\" \/>\t\t\t\t\t\t\t\t\t\t\t\t\t\t\t<\/div>\n\t\t\t\t<div class=\"elementor-element elementor-element-2ef842a elementor-widget elementor-widget-text-editor\" data-id=\"2ef842a\" data-element_type=\"widget\" data-e-type=\"widget\" data-widget_type=\"text-editor.default\">\n\t\t\t\t\t\t\t\t\t<div class=\"elementor-element elementor-element-49d3aef elementor-widget elementor-widget-heading\" data-id=\"49d3aef\" data-element_type=\"widget\" data-widget_type=\"heading.default\"><div class=\"elementor-widget-container\" style=\"text-align: center;\"><strong><span style=\"color: #333300;\">F\u00fcr die Aktivierung unseres IPTV-Abonnements auf Ihrer MAG-Box m\u00fcssen Sie uns Ihre MAC-Adresse schicken, die Sie auf dem Etikett auf der R\u00fcckseite der Box finden. Die Aktivierung erfolgt vollst\u00e4ndig aus der Ferne, gleich nach der Aktivierung senden wir Ihnen einen URL-Link, den Sie in Ihr PORTAL eingeben m\u00fcssen, wie auf dem Foto unten:<\/span><\/strong><\/div><\/div><div class=\"elementor-element elementor-element-1ed2884 elementor-widget elementor-widget-heading\" data-id=\"1ed2884\" data-element_type=\"widget\" data-widget_type=\"heading.default\"><div class=\"elementor-widget-container\" style=\"text-align: center;\"><strong><span style=\"color: #333300;\"><u>Schritt 6<\/u>\u00a0- Wenn Sie fertig sind, w\u00e4hlen Sie und klicken Sie auf \"OK\", um die \u00c4nderungen zu speichern.<\/span><\/strong><\/div><div class=\"elementor-widget-container\" style=\"text-align: center;\"><strong><span style=\"color: #333300;\"><u>Schritt 7<\/u>\u00a0- Klicken Sie auf \"EXIT\" auf der Fernbedienung, nachdem die Einstellungen gespeichert wurden.<\/span><\/strong><\/div><div class=\"elementor-widget-container\" style=\"text-align: center;\"><strong><span style=\"color: #333300;\"><u>Schritt 8<\/u>\u00a0- Daher m\u00fcssen Sie die Box neu starten. W\u00e4hlen Sie die Option \"OK\", damit die \u00c4nderungen \u00fcbernommen werden.<\/span><\/strong><\/div><\/div>\t\t\t\t\t\t\t\t<\/div>\n\t\t\t\t\t<\/div>\n\t\t<\/div>\n\t\t\t\t\t<\/div>\n\t\t<\/section>\n\t\t\t\t<\/div>","protected":false},"excerpt":{"rendered":"<p>Einrichten von IPTV auf der MAG BOX Diese Anleitung f\u00fchrt Sie in einfachen und effektiven Schritten durch die Installation Ihrer Mag (250\/254\/256...). Schritt 1: Wenn die Box geladen wird, erscheint der Hauptportal-Bildschirm. Danach klicken Sie auf \"Einstellungen\", und dr\u00fccken Sie die Taste \"SETUP\/SET\". Schritt 2: Dr\u00fccken Sie dann auf \"Systemeinstellungen\" und klicken Sie auf \"Server\" ....<\/p>","protected":false},"author":1,"featured_media":0,"parent":0,"menu_order":0,"comment_status":"closed","ping_status":"closed","template":"","meta":{"_kadence_starter_templates_imported_post":false,"_kad_post_transparent":"","_kad_post_title":"hide","_kad_post_layout":"fullwidth","_kad_post_sidebar_id":"","_kad_post_content_style":"unboxed","_kad_post_vertical_padding":"hide","_kad_post_feature":"hide","_kad_post_feature_position":"","_kad_post_header":false,"_kad_post_footer":false,"_kad_post_classname":"","_joinchat":[],"footnotes":""},"class_list":["post-6485","page","type-page","status-publish","hentry"],"_links":{"self":[{"href":"https:\/\/dgtl-planet.store\/deutsch\/wp-json\/wp\/v2\/pages\/6485","targetHints":{"allow":["GET"]}}],"collection":[{"href":"https:\/\/dgtl-planet.store\/deutsch\/wp-json\/wp\/v2\/pages"}],"about":[{"href":"https:\/\/dgtl-planet.store\/deutsch\/wp-json\/wp\/v2\/types\/page"}],"author":[{"embeddable":true,"href":"https:\/\/dgtl-planet.store\/deutsch\/wp-json\/wp\/v2\/users\/1"}],"replies":[{"embeddable":true,"href":"https:\/\/dgtl-planet.store\/deutsch\/wp-json\/wp\/v2\/comments?post=6485"}],"version-history":[{"count":4,"href":"https:\/\/dgtl-planet.store\/deutsch\/wp-json\/wp\/v2\/pages\/6485\/revisions"}],"predecessor-version":[{"id":6495,"href":"https:\/\/dgtl-planet.store\/deutsch\/wp-json\/wp\/v2\/pages\/6485\/revisions\/6495"}],"wp:attachment":[{"href":"https:\/\/dgtl-planet.store\/deutsch\/wp-json\/wp\/v2\/media?parent=6485"}],"curies":[{"name":"wp","href":"https:\/\/api.w.org\/{rel}","templated":true}]}}