{"id":6439,"date":"2023-06-23T10:03:01","date_gmt":"2023-06-23T10:03:01","guid":{"rendered":"https:\/\/dgtl-planet.com\/how-to-install-iptv-smarters-on-a-firestick\/"},"modified":"2023-06-23T10:03:42","modified_gmt":"2023-06-23T10:03:42","slug":"firestick-installieren","status":"publish","type":"page","link":"https:\/\/dgtl-planet.store\/deutsch\/firestick-installieren\/","title":{"rendered":"Wie installiert man iptv smarters auf einem firestick"},"content":{"rendered":"<p class=\"has-text-align-center\">In diesem Tutorial lernen Sie, wie Sie IPTV Smarter auf dem FireStick (auch Fire TV Stick Lite, Fire TV Cube und FireStick 4K) installieren.<\/p>\n\n\n\n<p class=\"has-text-align-center\">IPTV Smarters funktioniert nur mit IPTV-Diensten, die M3U-Playlists unterst\u00fctzen oder \u00fcber eine Xtream Codes API verf\u00fcgen.<\/p>\n\n\n\n<p class=\"has-text-align-center\">Der gr\u00f6\u00dfte Vorteil des IPTV-Smarters ist, dass er die Anmeldung von mehreren IPTV-Abonnements erm\u00f6glicht. Wenn Sie mehrere IPTV-Dienste nutzen, k\u00f6nnen Sie auf alle von einem Ort aus zugreifen. <\/p>\n\n\n\n<p class=\"has-text-align-center\"><strong>1.<\/strong> Wir installieren zun\u00e4chst die <strong>Downloader<\/strong> app   <strong>2.<\/strong> Klicken Sie auf die <strong>Suchen &gt; Suchen<\/strong> Option auf dem Startbildschirm des FireStick<\/p>\n\n\n<div class=\"wp-block-image\">\n<figure class=\"aligncenter\"><img decoding=\"async\" src=\"https:\/\/www.firesticktricks.com\/wp-content\/uploads\/2021\/02\/iptv-smarters-firestick-1.webp\" alt=\"iptv smarters auf firestick\" class=\"wp-image-23745\"\/><\/figure>\n<\/div>\n\n\n<p class=\"has-text-align-center\"><strong>3.<\/strong> Geben Sie den Namen der Anwendung ein (dieser lautet <em>Downloader<\/em>)<br>Klicken Sie auf die <em>Downloader<\/em> Option, wenn sie in den Suchergebnissen angezeigt wird<br>W\u00e4hlen Sie die <em>Downloader<\/em> Symbol auf dem folgenden Bildschirm und laden Sie die App herunter und installieren Sie sie<\/p>\n\n\n<div class=\"wp-block-image\">\n<figure class=\"aligncenter\"><img decoding=\"async\" src=\"https:\/\/www.firesticktricks.com\/wp-content\/uploads\/2021\/02\/iptv-smarters-firestick-3.webp\" alt=\"iptv smarters auf fire stick installieren\" class=\"wp-image-23747\"\/><\/figure>\n<\/div>\n\n\n<p class=\"has-text-align-center\"><strong>4.<\/strong> Zur\u00fcck zum Startbildschirm des FireStick nach der Installation der Downloader-App<\/p>\n\n\n\n<p class=\"has-text-align-center\">Klicken Sie in der Men\u00fcleiste auf <strong>Einstellungen<\/strong><\/p>\n\n\n<div class=\"wp-block-image\">\n<figure class=\"aligncenter\"><img decoding=\"async\" src=\"https:\/\/www.firesticktricks.com\/wp-content\/uploads\/2021\/02\/iptv-smarters-firestick-8.webp\" alt=\"iptv smarters auf Firestick installieren\" class=\"wp-image-23752\"\/><\/figure>\n<\/div>\n\n\n<p class=\"has-text-align-center\">5. W\u00e4hlen Sie in den Einstellungen die Option <strong>Mein Fire TV<\/strong><\/p>\n\n\n<div class=\"wp-block-image\">\n<figure class=\"aligncenter\"><img decoding=\"async\" src=\"https:\/\/www.firesticktricks.com\/wp-content\/uploads\/2021\/02\/iptv-smarters-firestick-9.webp\" alt=\"iptv-Smartphones\" class=\"wp-image-23753\"\/><\/figure>\n<\/div>\n\n\n<p class=\"has-text-align-center\"><strong>6.<\/strong> Wenn die folgenden Optionen auf dem n\u00e4chsten Bildschirm angezeigt werden, klicken Sie auf <strong>Optionen f\u00fcr Entwickler<\/strong><\/p>\n\n\n<div class=\"wp-block-image\">\n<figure class=\"aligncenter\"><img decoding=\"async\" src=\"https:\/\/www.firesticktricks.com\/wp-content\/uploads\/2021\/02\/iptv-smarters-firestick-10.webp\" alt=\"iptv smarters f\u00fcr Firestick\" class=\"wp-image-23754\"\/><\/figure>\n<\/div>\n\n\n<p class=\"has-text-align-center\"><strong>7.<\/strong> Klicken Sie auf <strong>Von unbekannten Anwendungen installieren<\/strong><\/p>\n\n\n<div class=\"wp-block-image\">\n<figure class=\"aligncenter\"><img decoding=\"async\" src=\"https:\/\/www.firesticktricks.com\/wp-content\/uploads\/2021\/02\/iptv-smarters-firestick-12.webp\" alt=\"iptv smarters auf Firestick herunterladen\" class=\"wp-image-23756\"\/><\/figure>\n<\/div>\n\n\n<p class=\"has-text-align-center\"><strong>8.<\/strong> Klicken Sie auf <strong>Downloader<\/strong> um den Status zu \u00e4ndern in <strong>ON<\/strong><\/p>\n\n\n<div class=\"wp-block-image\">\n<figure class=\"aligncenter\"><img decoding=\"async\" src=\"https:\/\/www.firesticktricks.com\/wp-content\/uploads\/2021\/02\/iptv-smarters-firestick-14.webp\" alt=\"iptv-Smartphones\" class=\"wp-image-23758\"\/><\/figure>\n<\/div>\n\n\n<p class=\"has-text-align-center\">Damit haben Sie die FireStick-Einstellungen so konfiguriert, dass die Installation von IPTV-Smartern und anderen Drittanbieter-Apps m\u00f6glich ist. Folgen Sie den nachstehenden Schritten:<\/p>\n\n\n\n<p class=\"has-text-align-center\"><strong>9.<\/strong> Sie k\u00f6nnen nun die <strong>Downloader <\/strong>app<br>Wenn Sie diese Anwendung zum ersten Mal starten, werden eine Reihe von Aufforderungen angezeigt. Ignorieren Sie diese, bis Sie den folgenden Bildschirm sehen<\/p>\n\n\n\n<p class=\"has-text-align-center\">In diesem Bildschirm m\u00fcssen Sie auf das URL-Textfeld auf der rechten Seite klicken (stellen Sie sicher, dass <em>Startseite<\/em> Option im linken Men\u00fc ausgew\u00e4hlt ist), wo es hei\u00dft <em>'http:\/\/'<\/em><\/p>\n\n\n<div class=\"wp-block-image\">\n<figure class=\"aligncenter\"><img decoding=\"async\" src=\"https:\/\/www.firesticktricks.com\/wp-content\/uploads\/2021\/02\/iptv-smarters-firestick-15.webp\" alt=\"wie man iptv smarters auf amazon Firestick bekommt\" class=\"wp-image-23759\"\/><\/figure>\n<\/div>\n\n\n<p class=\"has-text-align-center\"><strong>10.<\/strong> Geben Sie in diesem Fenster den folgenden Pfad ein: <strong>https:\/\/www.firesticktricks.com\/smarter<\/strong><\/p>\n\n\n\n<p class=\"has-text-align-center\"><em>Hinweis: Sie k\u00f6nnen auch die verk\u00fcrzte Version der URL verwenden <strong>firesticktricks.com\/smarter<\/strong><\/em><\/p>\n\n\n\n<p class=\"has-text-align-center\">Klicken Sie auf <strong>GO<\/strong><\/p>\n\n\n<div class=\"wp-block-image\">\n<figure class=\"aligncenter\"><img decoding=\"async\" src=\"https:\/\/www.firesticktricks.com\/wp-content\/uploads\/2019\/09\/how-to-install-iptv-smarters-on-firestick-3.webp\" alt=\"iptv smarters auf Firestick installieren\" class=\"wp-image-15720\"\/><\/figure>\n<\/div>\n\n\n<p class=\"has-text-align-center\"><strong>11.<\/strong> Warten Sie ein oder zwei Minuten, bis der IPTV Smarter auf Ihren FireStick heruntergeladen ist.<\/p>\n\n\n<div class=\"wp-block-image\">\n<figure class=\"aligncenter\"><img decoding=\"async\" src=\"https:\/\/www.firesticktricks.com\/wp-content\/uploads\/2019\/09\/how-to-install-iptv-smarters-on-firestick-4-e1615963105711.webp\" alt=\"iptv smarters herunterladen\" class=\"wp-image-15721\"\/><\/figure>\n<\/div>\n\n\n<p class=\"has-text-align-center\"><strong>12.<\/strong> Wenn der Download abgeschlossen ist, f\u00fchrt die Downloader-App die APK-Datei aus und die Installation wird gestartet.<\/p>\n\n\n\n<p class=\"has-text-align-center\">Klicken Sie auf <strong>Installieren Sie<\/strong><\/p>\n\n\n<div class=\"wp-block-image\">\n<figure class=\"aligncenter\"><img decoding=\"async\" src=\"https:\/\/www.firesticktricks.com\/wp-content\/uploads\/2021\/02\/how-to-install-iptv-smarters-on-firestick-1.webp\" alt=\"Schritte zur Installation von iptv smarters\" class=\"wp-image-23739\"\/><\/figure>\n<\/div>\n\n\n<p class=\"has-text-align-center\"><strong>13.<\/strong> Warten Sie, bis die Installation abgeschlossen ist<\/p>\n\n\n<div class=\"wp-block-image\">\n<figure class=\"aligncenter\"><img decoding=\"async\" src=\"https:\/\/www.firesticktricks.com\/wp-content\/uploads\/2021\/02\/how-to-install-iptv-smarters-on-firestick-2.webp\" alt=\"iptv smarters auf Firestick verwenden\" class=\"wp-image-23740\"\/><\/figure>\n<\/div>\n\n\n<p class=\"has-text-align-center\"><strong>14.<\/strong> Die Installation ist abgeschlossen mit dem <strong>App installiert<\/strong> Meldung<\/p>\n\n\n\n<p class=\"has-text-align-center\">Sie k\u00f6nnen nun auf OPEN klicken und mit IPTV Smarters loslegen<\/p>\n\n\n\n<p class=\"has-text-align-center\"><\/p>","protected":false},"excerpt":{"rendered":"<p>In diesem Tutorial lernen Sie, wie Sie IPTV Smarters auf dem FireStick (auch Fire TV Stick Lite, Fire TV Cube &amp; FireStick 4K) installieren. IPTV Smarters funktioniert nur mit IPTV-Diensten, die M3U-Playlists unterst\u00fctzen oder eine Xtream Codes API haben. Der gr\u00f6\u00dfte Vorteil von IPTV Smarters ist, dass es die Anmeldung von mehreren IPTV-Diensten...<\/p>","protected":false},"author":1,"featured_media":0,"parent":0,"menu_order":0,"comment_status":"closed","ping_status":"closed","template":"","meta":{"_kadence_starter_templates_imported_post":false,"_kad_post_transparent":"","_kad_post_title":"","_kad_post_layout":"","_kad_post_sidebar_id":"","_kad_post_content_style":"","_kad_post_vertical_padding":"","_kad_post_feature":"","_kad_post_feature_position":"","_kad_post_header":false,"_kad_post_footer":false,"_kad_post_classname":"","_joinchat":[],"footnotes":""},"class_list":["post-6439","page","type-page","status-publish","hentry"],"_links":{"self":[{"href":"https:\/\/dgtl-planet.store\/deutsch\/wp-json\/wp\/v2\/pages\/6439","targetHints":{"allow":["GET"]}}],"collection":[{"href":"https:\/\/dgtl-planet.store\/deutsch\/wp-json\/wp\/v2\/pages"}],"about":[{"href":"https:\/\/dgtl-planet.store\/deutsch\/wp-json\/wp\/v2\/types\/page"}],"author":[{"embeddable":true,"href":"https:\/\/dgtl-planet.store\/deutsch\/wp-json\/wp\/v2\/users\/1"}],"replies":[{"embeddable":true,"href":"https:\/\/dgtl-planet.store\/deutsch\/wp-json\/wp\/v2\/comments?post=6439"}],"version-history":[{"count":1,"href":"https:\/\/dgtl-planet.store\/deutsch\/wp-json\/wp\/v2\/pages\/6439\/revisions"}],"predecessor-version":[{"id":6440,"href":"https:\/\/dgtl-planet.store\/deutsch\/wp-json\/wp\/v2\/pages\/6439\/revisions\/6440"}],"wp:attachment":[{"href":"https:\/\/dgtl-planet.store\/deutsch\/wp-json\/wp\/v2\/media?parent=6439"}],"curies":[{"name":"wp","href":"https:\/\/api.w.org\/{rel}","templated":true}]}}