{"id":5766,"date":"2023-03-17T21:34:41","date_gmt":"2023-03-17T21:34:41","guid":{"rendered":"https:\/\/prim-iptv.com\/thankyoufree-2\/"},"modified":"2024-01-01T13:17:49","modified_gmt":"2024-01-01T13:17:49","slug":"dankeschon10-2","status":"publish","type":"page","link":"https:\/\/dgtl-planet.store\/deutsch\/dankeschon10-2\/","title":{"rendered":"Dankesch\u00f6n10"},"content":{"rendered":"<div data-elementor-type=\"wp-post\" data-elementor-id=\"5766\" class=\"elementor elementor-5766\" data-elementor-post-type=\"page\">\n\t\t\t\t\t\t<section class=\"elementor-section elementor-top-section elementor-element elementor-element-a830cba elementor-section-boxed elementor-section-height-default elementor-section-height-default\" data-id=\"a830cba\" data-element_type=\"section\" data-e-type=\"section\">\n\t\t\t\t\t\t<div class=\"elementor-container elementor-column-gap-default\">\n\t\t\t\t\t<div class=\"elementor-column elementor-col-100 elementor-top-column elementor-element elementor-element-72135d1\" data-id=\"72135d1\" data-element_type=\"column\" data-e-type=\"column\">\n\t\t\t<div class=\"elementor-widget-wrap elementor-element-populated\">\n\t\t\t\t\t\t<div class=\"elementor-element elementor-element-2299f80 elementor-widget elementor-widget-html\" data-id=\"2299f80\" data-element_type=\"widget\" data-e-type=\"widget\" data-widget_type=\"html.default\">\n\t\t\t\t\t<!-- Event snippet for Purchase (DP) conversion page -->\r\n<script>\r\n  gtag('event', 'conversion', {\r\n      'send_to': 'AW-11442370612\/ykIbCLOjw4QZELTwktAq',\r\n      'value': 10.0,\r\n      'currency': 'MAD',\r\n      'transaction_id': ''\r\n  });\r\n<\/script>\r\n\t\t\t\t<\/div>\n\t\t\t\t\t<\/div>\n\t\t<\/div>\n\t\t\t\t\t<\/div>\n\t\t<\/section>\n\t\t\t\t<section class=\"elementor-section elementor-top-section elementor-element elementor-element-6225331 elementor-section-boxed elementor-section-height-default elementor-section-height-default\" data-id=\"6225331\" data-element_type=\"section\" data-e-type=\"section\">\n\t\t\t\t\t\t<div class=\"elementor-container elementor-column-gap-default\">\n\t\t\t\t\t<div class=\"elementor-column elementor-col-100 elementor-top-column elementor-element elementor-element-79a0158\" data-id=\"79a0158\" data-element_type=\"column\" data-e-type=\"column\">\n\t\t\t<div class=\"elementor-widget-wrap elementor-element-populated\">\n\t\t\t\t\t\t<div class=\"elementor-element elementor-element-fba9695 elementor-widget elementor-widget-heading\" data-id=\"fba9695\" data-element_type=\"widget\" data-e-type=\"widget\" data-widget_type=\"heading.default\">\n\t\t\t\t\t<h2 class=\"elementor-heading-title elementor-size-xl\">Vielen Dank, wir haben Ihre Bestellung erhalten.<\/h2>\t\t\t\t<\/div>\n\t\t\t\t\t<\/div>\n\t\t<\/div>\n\t\t\t\t\t<\/div>\n\t\t<\/section>\n\t\t\t\t<section class=\"elementor-section elementor-top-section elementor-element elementor-element-3cf2940 elementor-section-boxed elementor-section-height-default elementor-section-height-default\" data-id=\"3cf2940\" data-element_type=\"section\" data-e-type=\"section\">\n\t\t\t\t\t\t<div class=\"elementor-container elementor-column-gap-default\">\n\t\t\t\t\t<div class=\"elementor-column elementor-col-100 elementor-top-column elementor-element elementor-element-96abad0\" data-id=\"96abad0\" data-element_type=\"column\" data-e-type=\"column\">\n\t\t\t<div class=\"elementor-widget-wrap elementor-element-populated\">\n\t\t\t\t\t\t<div class=\"elementor-element elementor-element-07bfb65 elementor-widget elementor-widget-text-editor\" data-id=\"07bfb65\" data-element_type=\"widget\" data-e-type=\"widget\" data-widget_type=\"text-editor.default\">\n\t\t\t\t\t\t\t\t\t<p><strong style=\"font-size: 20px;\">Wir werden das \u00fcberpr\u00fcfen und Sie so schnell wie m\u00f6glich per E-Mail oder Whatsapp kontaktieren.<\/strong><\/p>\n<p>Wenn Sie Ihre E-Mail nicht gefunden haben, sehen Sie im Spam-Ordner nach.<\/p>\n<p><script src=\"moz-extension:\/\/9234fd45-097b-4fce-a96f-77607447cad7\/js\/app.js\" type=\"text\/javascript\"><\/script><\/p>\t\t\t\t\t\t\t\t<\/div>\n\t\t\t\t\t<\/div>\n\t\t<\/div>\n\t\t\t\t\t<\/div>\n\t\t<\/section>\n\t\t\t\t<\/div>","protected":false},"excerpt":{"rendered":"<p>Vielen Dank, Ihre Bestellung ist bei uns eingegangen. Wir werden sie \u00fcberpr\u00fcfen und uns so schnell wie m\u00f6glich per E-Mail oder Whatsapp mit Ihnen in Verbindung setzen. Wenn Sie Ihre E-Mail nicht gefunden haben, \u00fcberpr\u00fcfen Sie den Spam-Ordner.<\/p>","protected":false},"author":1,"featured_media":0,"parent":0,"menu_order":0,"comment_status":"closed","ping_status":"closed","template":"","meta":{"_kadence_starter_templates_imported_post":false,"_kad_post_transparent":"","_kad_post_title":"hide","_kad_post_layout":"fullwidth","_kad_post_sidebar_id":"","_kad_post_content_style":"unboxed","_kad_post_vertical_padding":"hide","_kad_post_feature":"hide","_kad_post_feature_position":"","_kad_post_header":false,"_kad_post_footer":false,"_kad_post_classname":"","_joinchat":[],"footnotes":""},"class_list":["post-5766","page","type-page","status-publish","hentry"],"_links":{"self":[{"href":"https:\/\/dgtl-planet.store\/deutsch\/wp-json\/wp\/v2\/pages\/5766","targetHints":{"allow":["GET"]}}],"collection":[{"href":"https:\/\/dgtl-planet.store\/deutsch\/wp-json\/wp\/v2\/pages"}],"about":[{"href":"https:\/\/dgtl-planet.store\/deutsch\/wp-json\/wp\/v2\/types\/page"}],"author":[{"embeddable":true,"href":"https:\/\/dgtl-planet.store\/deutsch\/wp-json\/wp\/v2\/users\/1"}],"replies":[{"embeddable":true,"href":"https:\/\/dgtl-planet.store\/deutsch\/wp-json\/wp\/v2\/comments?post=5766"}],"version-history":[{"count":125,"href":"https:\/\/dgtl-planet.store\/deutsch\/wp-json\/wp\/v2\/pages\/5766\/revisions"}],"predecessor-version":[{"id":7161,"href":"https:\/\/dgtl-planet.store\/deutsch\/wp-json\/wp\/v2\/pages\/5766\/revisions\/7161"}],"wp:attachment":[{"href":"https:\/\/dgtl-planet.store\/deutsch\/wp-json\/wp\/v2\/media?parent=5766"}],"curies":[{"name":"wp","href":"https:\/\/api.w.org\/{rel}","templated":true}]}}